{"id":8016,"date":"2018-08-27T09:25:15","date_gmt":"2018-08-27T09:25:15","guid":{"rendered":"https:\/\/marketplace28.store\/contact\/"},"modified":"2025-09-05T15:45:56","modified_gmt":"2025-09-05T15:45:56","slug":"contact","status":"publish","type":"page","link":"https:\/\/marketplace28.store\/tr\/contact\/","title":{"rendered":"Temas"},"content":{"rendered":"\t\t<div data-elementor-type=\"wp-post\" data-elementor-id=\"8016\" class=\"elementor elementor-8016 elementor-329\" data-elementor-post-type=\"page\">\n\t\t\t\t\t\t<section class=\"elementor-section elementor-top-section elementor-element elementor-element-35db93f elementor-section-boxed elementor-section-height-default elementor-section-height-default rt-parallax-bg-no\" data-id=\"35db93f\" data-element_type=\"section\" data-e-type=\"section\">\n\t\t\t\t\t\t<div class=\"elementor-container elementor-column-gap-default\">\n\t\t\t\t\t<div class=\"elementor-column elementor-col-50 elementor-top-column elementor-element elementor-element-5813173\" data-id=\"5813173\" data-element_type=\"column\" data-e-type=\"column\" data-settings=\"{&quot;background_background&quot;:&quot;classic&quot;}\">\n\t\t\t<div class=\"elementor-widget-wrap elementor-element-populated\">\n\t\t\t\t\t\t<div class=\"elementor-element elementor-element-3805aea elementor-widget elementor-widget-heading\" data-id=\"3805aea\" data-element_type=\"widget\" data-e-type=\"widget\" data-widget_type=\"heading.default\">\n\t\t\t\t\t<h3 class=\"elementor-heading-title elementor-size-default\">\u0130leti\u015fim Bilgileri<\/h3>\t\t\t\t<\/div>\n\t\t\t\t<div class=\"elementor-element elementor-element-7d03305 elementor-widget elementor-widget-rt-contact\" data-id=\"7d03305\" data-element_type=\"widget\" data-e-type=\"widget\" data-widget_type=\"rt-contact.default\">\n\t\t\t\t<div class=\"elementor-widget-container\">\n\t\t\t\t\t<div class=\"rt-el-contact\">\r\n\t<ul>\r\n\t\t\t\t\t<li><i class=\"fas fa-paper-plane\" aria-hidden=\"true\"><\/i> 48a Staunton Close\nChesterfield, S40 2FE, England<\/li>\r\n\t\t\r\n\t\t\r\n\t\t\r\n\t\t\t<\/ul>\r\n<\/div>\t\t\t\t<\/div>\n\t\t\t\t<\/div>\n\t\t\t\t<div class=\"elementor-element elementor-element-91694fe elementor-widget elementor-widget-rt-contact\" data-id=\"91694fe\" data-element_type=\"widget\" data-e-type=\"widget\" data-widget_type=\"rt-contact.default\">\n\t\t\t\t<div class=\"elementor-widget-container\">\n\t\t\t\t\t<div class=\"rt-el-contact\">\r\n\t<ul>\r\n\t\t\t\t\t<li><i class=\"fas fa-paper-plane\" aria-hidden=\"true\"><\/i> 4 \u2013 6 Michael Georgallas\n2409 Nicosia, CYPRUS. <\/li>\r\n\t\t\r\n\t\t\t\t\t<li><i class=\"fas fa-phone\" aria-hidden=\"true\"><\/i> <a href=\"tel:+447782745559\">+44 7782 745559<\/a><\/li>\r\n\t\t\r\n\t\t\t\t\t<li><i class=\"far fa-envelope\" aria-hidden=\"true\"><\/i> <a href=\"mailto:support@marketplace28.store\">support@marketplace28.store<\/a><\/li>\r\n\t\t\r\n\t\t\t<\/ul>\r\n<\/div>\t\t\t\t<\/div>\n\t\t\t\t<\/div>\n\t\t\t\t\t<\/div>\n\t\t<\/div>\n\t\t\t\t<div class=\"elementor-column elementor-col-50 elementor-top-column elementor-element elementor-element-a237b01\" data-id=\"a237b01\" data-element_type=\"column\" data-e-type=\"column\" data-settings=\"{&quot;background_background&quot;:&quot;classic&quot;}\">\n\t\t\t<div class=\"elementor-widget-wrap elementor-element-populated\">\n\t\t\t\t\t\t<div class=\"elementor-element elementor-element-a0cc0f2 elementor-widget elementor-widget-heading\" data-id=\"a0cc0f2\" data-element_type=\"widget\" data-e-type=\"widget\" data-widget_type=\"heading.default\">\n\t\t\t\t\t<h3 class=\"elementor-heading-title elementor-size-default\">Belirli bir \u015fey mi ar\u0131yorsunuz?<\/h3>\t\t\t\t<\/div>\n\t\t\t\t\t\t\t\t<p class=\"e-paragraph-base\" data-interaction-id=\"01ebca0\"  >\n\t\t\t\t\t\t\t\tGereksinimlerinizi tam olarak bize bildirin, biz de m\u00fckemmel kayd\u0131 bulman\u0131za veya olu\u015fturman\u0131za yard\u0131mc\u0131 olal\u0131m.\n\t\t\t\t\t<\/p>\n\t\t\t\t<div class=\"elementor-element elementor-element-15dbdd6 elementor-widget elementor-widget-shortcode\" data-id=\"15dbdd6\" data-element_type=\"widget\" data-e-type=\"widget\" data-widget_type=\"shortcode.default\">\n\t\t\t\t\t\t\t<div class=\"elementor-shortcode\">\n<div class=\"wpcf7 no-js\" id=\"wpcf7-f339-o1\" lang=\"en-US\" dir=\"ltr\" data-wpcf7-id=\"339\">\n<div class=\"screen-reader-response\"><p role=\"status\" aria-live=\"polite\" aria-atomic=\"true\"><\/p> <ul><\/ul><\/div>\n<form action=\"\/tr\/wp-json\/wp\/v2\/pages\/8016#wpcf7-f339-o1\" method=\"post\" class=\"wpcf7-form init\" aria-label=\"Contact form\" novalidate=\"novalidate\" data-status=\"init\">\n<fieldset class=\"hidden-fields-container\"><input type=\"hidden\" name=\"_wpcf7\" value=\"339\" \/><input type=\"hidden\" name=\"_wpcf7_version\" value=\"6.1.5\" \/><input type=\"hidden\" name=\"_wpcf7_locale\" value=\"en_US\" \/><input type=\"hidden\" name=\"_wpcf7_unit_tag\" value=\"wpcf7-f339-o1\" \/><input type=\"hidden\" name=\"_wpcf7_container_post\" value=\"0\" \/><input type=\"hidden\" name=\"_wpcf7_posted_data_hash\" value=\"\" \/>\n<\/fieldset>\n<div>\n\t<p><span class=\"wpcf7-form-control-wrap\" data-name=\"your-name\"><input size=\"40\" maxlength=\"400\" class=\"wpcf7-form-control wpcf7-text wpcf7-validates-as-required\" aria-required=\"true\" aria-invalid=\"false\" placeholder=\"Name*\" value=\"\" type=\"text\" name=\"your-name\" \/><\/span>\n\t<\/p>\n<\/div>\n<div>\n\t<p><span class=\"wpcf7-form-control-wrap\" data-name=\"your-email\"><input size=\"40\" maxlength=\"400\" class=\"wpcf7-form-control wpcf7-email wpcf7-validates-as-required wpcf7-text wpcf7-validates-as-email\" aria-required=\"true\" aria-invalid=\"false\" placeholder=\"Email*\" value=\"\" type=\"email\" name=\"your-email\" \/><\/span>\n\t<\/p>\n<\/div>\n<div>\n\t<p><span class=\"wpcf7-form-control-wrap\" data-name=\"your-subject\"><input size=\"40\" maxlength=\"400\" class=\"wpcf7-form-control wpcf7-text wpcf7-validates-as-required\" aria-required=\"true\" aria-invalid=\"false\" placeholder=\"Subject*\" value=\"\" type=\"text\" name=\"your-subject\" \/><\/span>\n\t<\/p>\n<\/div>\n<div>\n\t<p><span class=\"wpcf7-form-control-wrap\" data-name=\"your-message\"><textarea cols=\"40\" rows=\"10\" maxlength=\"2000\" class=\"wpcf7-form-control wpcf7-textarea wpcf7-validates-as-required\" aria-required=\"true\" aria-invalid=\"false\" placeholder=\"Message*\" name=\"your-message\"><\/textarea><\/span>\n\t<\/p>\n<\/div>\n<div>\n\t<p><input class=\"wpcf7-form-control wpcf7-submit has-spinner\" type=\"submit\" value=\"Submit\" \/>\n\t<\/p>\n<\/div><div class=\"wpcf7-response-output\" aria-hidden=\"true\"><\/div>\n<\/form>\n<\/div>\n<\/div>\n\t\t\t\t\t\t<\/div>\n\t\t\t\t\t<\/div>\n\t\t<\/div>\n\t\t\t\t\t<\/div>\n\t\t<\/section>\n\t\t<div class=\"elementor-element elementor-element-80fe1ec e-flex e-con-boxed e-con e-parent\" data-id=\"80fe1ec\" data-element_type=\"container\" data-e-type=\"container\">\n\t\t\t\t\t<div class=\"e-con-inner\">\n\t\t\t\t\t<\/div>\n\t\t\t\t<\/div>\n\t\t\t\t<\/div>\n\t\t","protected":false},"excerpt":{"rendered":"<p>\u0130leti\u015fim Bilgileri 48a Staunton Close Chesterfield, S40 2FE, England 4 \u2013 6 Michael Georgallas 2409 Nicosia, CYPRUS. +44 7782 745559 support@marketplace28.store Belirli bir \u015fey mi ar\u0131yorsunuz? Gereksinimlerinizi tam olarak bize bildirin, biz de m\u00fckemmel kayd\u0131 bulman\u0131za veya olu\u015fturman\u0131za yard\u0131mc\u0131 olal\u0131m.<\/p>\n","protected":false},"author":1,"featured_media":0,"parent":0,"menu_order":0,"comment_status":"closed","ping_status":"closed","template":"elementor_header_footer","meta":{"_rtcl_gb_attr":"","footnotes":""},"class_list":["post-8016","page","type-page","status-publish","hentry"],"_links":{"self":[{"href":"https:\/\/marketplace28.store\/tr\/wp-json\/wp\/v2\/pages\/8016","targetHints":{"allow":["GET"]}}],"collection":[{"href":"https:\/\/marketplace28.store\/tr\/wp-json\/wp\/v2\/pages"}],"about":[{"href":"https:\/\/marketplace28.store\/tr\/wp-json\/wp\/v2\/types\/page"}],"author":[{"embeddable":true,"href":"https:\/\/marketplace28.store\/tr\/wp-json\/wp\/v2\/users\/1"}],"replies":[{"embeddable":true,"href":"https:\/\/marketplace28.store\/tr\/wp-json\/wp\/v2\/comments?post=8016"}],"version-history":[{"count":1,"href":"https:\/\/marketplace28.store\/tr\/wp-json\/wp\/v2\/pages\/8016\/revisions"}],"predecessor-version":[{"id":8018,"href":"https:\/\/marketplace28.store\/tr\/wp-json\/wp\/v2\/pages\/8016\/revisions\/8018"}],"wp:attachment":[{"href":"https:\/\/marketplace28.store\/tr\/wp-json\/wp\/v2\/media?parent=8016"}],"curies":[{"name":"wp","href":"https:\/\/api.w.org\/{rel}","templated":true}]}}