{"id":8012,"date":"2018-08-28T08:09:10","date_gmt":"2018-08-28T08:09:10","guid":{"rendered":"https:\/\/marketplace28.store\/faq\/"},"modified":"2018-08-28T08:09:10","modified_gmt":"2018-08-28T08:09:10","slug":"faq","status":"publish","type":"page","link":"https:\/\/marketplace28.store\/tr\/faq\/","title":{"rendered":"SSS"},"content":{"rendered":"<h3>S\u0131k\u00e7a Sorulan Sorular<\/h3>\n<p><a href=\"#\" data-toggle=\"collapse\" data-target=\"#u-0-41671300-1755421214\" aria-expanded=\"true\">  Marketplace28 nedir?<\/a><\/p>\n<p>Marketplace28, al\u0131c\u0131lar\u0131, sat\u0131c\u0131lar\u0131, i\u015fverenleri, i\u015f arayanlar\u0131 ve hizmet sa\u011flay\u0131c\u0131lar\u0131 birbirine ba\u011flayan k\u00fcresel bir \u00e7evrimi\u00e7i platformdur. \u0130ster ikinci el k\u0131yafet sat\u0131yor olun, ister multi-milyon avroluk bir i\u015fletmeyi listeliyor olun, do\u011fru yerdesiniz. Benzersiziz \u00e7\u00fcnk\u00fc <strong>k\u00fcresel, \u00e7ok dilli ve kullan\u0131m\u0131 basit<\/strong>.  <\/p>\n<p><a href=\"#\" data-toggle=\"collapse\" data-target=\"#u-0-41681500-1755421214\" aria-expanded=\"true\">  Nas\u0131l ilan veririm?<\/a><\/p>\n<p><strong>&#8220;\u0130lan G\u00f6nder&#8221;<\/strong> d\u00fc\u011fmesini t\u0131klay\u0131n, uygun <strong>kategoriyi<\/strong>, <strong>konumu<\/strong> ve <strong>\u00fclkeyi<\/strong> se\u00e7in, ard\u0131ndan gerekli bilgileri girin ve foto\u011fraflar\u0131n\u0131z\u0131 y\u00fckleyin. Net bir ba\u015fl\u0131k ve ayr\u0131nt\u0131l\u0131 a\u00e7\u0131klama, reklam\u0131n\u0131z\u0131n daha iyi performans g\u00f6stermesine yard\u0131mc\u0131 olur. <\/p>\n<p><a href=\"#\" data-toggle=\"collapse\" data-target=\"#u-0-41690000-1755421214\" aria-expanded=\"true\">  \u0130lan vermenin bir maliyeti var m\u0131?<\/a><\/p>\n<p>Temel reklam yerle\u015fimi \u00e7o\u011fu kategoride \u00fccretsizdir. Bununla birlikte, reklam\u0131n\u0131z\u0131n \u00f6ne \u00e7\u0131kan b\u00f6l\u00fcmlerdeki g\u00f6r\u00fcn\u00fcrl\u00fc\u011f\u00fcn\u00fc art\u0131rmak i\u00e7in <strong>\u00fccretli tan\u0131t\u0131m se\u00e7enekleri<\/strong> sunuyoruz. Bunlar iste\u011fe ba\u011fl\u0131d\u0131r ancak daha h\u0131zl\u0131 sonu\u00e7lar i\u00e7in \u015fiddetle tavsiye edilir.  <\/p>\n<p><a href=\"#\" data-toggle=\"collapse\" data-target=\"#u-0-41693700-1755421214\" aria-expanded=\"true\">  Reklam tan\u0131t\u0131m se\u00e7enekleri nelerdir?<\/a><\/p>\n<p>A\u015fa\u011f\u0131dakiler gibi \u00e7e\u015fitli <strong>premium reklam yerle\u015fimleri<\/strong> sunuyoruz:<\/p>\n<ul>\n<li>Ana Sayfada \u00d6ne \u00c7\u0131kan \u0130lan<\/li>\n<li>Kategori \u00dcst\u00fc Listeleri<\/li>\n<li>\u00d6ne \u00c7\u0131kan veya Acil Reklam etiketleri<\/li>\n<\/ul>\n<p>\u0130htiya\u00e7lar\u0131n\u0131za en uygun promosyon paketini se\u00e7ebilirsiniz. \u00d6deme, reklam\u0131n\u0131z\u0131n standart listelemelere k\u0131yasla \u00f6ne \u00e7\u0131kmas\u0131n\u0131 sa\u011flar. <\/p>\n<p><a href=\"#\" data-toggle=\"collapse\" data-target=\"#u-0-41706100-1755421214\" aria-expanded=\"true\">  \u0130lan\u0131m\u0131 yay\u0131nlad\u0131ktan sonra d\u00fczenleyebilir veya silebilir miyim?<\/a><\/p>\n<p>Evet. Hesab\u0131n\u0131za giri\u015f yap\u0131n, &#8220;Reklamlar\u0131m&#8221;a gidin ve istedi\u011finiz zaman <strong>reklam\u0131n\u0131z\u0131 d\u00fczenlemeyi, dondurmay\u0131 veya silmeyi<\/strong> se\u00e7in. <\/p>\n<p><a href=\"#\" data-toggle=\"collapse\" data-target=\"#u-0-41709500-1755421214\" aria-expanded=\"true\">  Ba\u015far\u0131l\u0131 sat\u0131\u015f i\u00e7in ipu\u00e7lar\u0131n\u0131z nelerdir?<\/a><\/p>\n<ul>\n<li><strong>Net, y\u00fcksek kaliteli foto\u011fraflar<\/strong> kullan\u0131n (kusurlar dahil t\u00fcm a\u00e7\u0131lar\u0131 g\u00f6sterin)<\/li>\n<li><strong>D\u00fcr\u00fcst ve ayr\u0131nt\u0131l\u0131 bir a\u00e7\u0131klama<\/strong> yaz\u0131n<\/li>\n<li>\u00d6\u011fenizin durumu hakk\u0131nda \u015feffaf olun<\/li>\n<li>Ger\u00e7ek bir <strong>ileti\u015fim numaras\u0131 ve e-posta<\/strong> kullan\u0131n<\/li>\n<li><strong>Konumunuzu<\/strong> do\u011fru bir \u015fekilde ekleyin<\/li>\n<li>Sorulara an\u0131nda yan\u0131t verin<\/li>\n<\/ul>\n<p>Daha fazla foto\u011fraf = daha fazla g\u00fcven = daha y\u00fcksek sat\u0131\u015f \u015fans\u0131!<\/p>\n<p><a href=\"#\" data-toggle=\"collapse\" data-target=\"#u-0-41732300-1755421214\" aria-expanded=\"true\">  Marketplace28 hangi \u00fclkeleri ve dilleri destekliyor?<\/a><\/p>\n<p>K\u00fcresel <strong>ve \u00e7ok dilli<\/strong> bir platformuz. <strong>\u0130ngilizce, Yunanca, Hint\u00e7e, Arap\u00e7a, Frans\u0131zca<\/strong> ve daha fazlas\u0131 dahil olmak \u00fczere birden \u00e7ok dilde g\u00f6nderi yay\u0131nlayabilir ve g\u00f6z atabilirsiniz. Dil ayarlar\u0131, dil sekmesinden de\u011fi\u015ftirilebilir.  <\/p>\n<p><a href=\"#\" data-toggle=\"collapse\" data-target=\"#u-0-41738700-1755421214\" aria-expanded=\"true\">  Ki\u015fisel verilerim g\u00fcvende mi?<\/a><\/p>\n<p>Evet. <strong>Kullan\u0131c\u0131 gizlili\u011fini ve veri g\u00fcvenli\u011fini<\/strong> ciddiye al\u0131yoruz. Ki\u015fisel verileriniz korunur ve r\u0131zan\u0131z olmadan asla payla\u015f\u0131lmaz. Daha fazla ayr\u0131nt\u0131 i\u00e7in <a href=\"https:\/\/marketplace28.store\/tr\/privacy-policy\/\">Gizlilik Politikam\u0131za<\/a> bak\u0131n.   <\/p>\n<p><a href=\"#\" data-toggle=\"collapse\" data-target=\"#u-0-41746300-1755421214\" aria-expanded=\"true\">  \u015eifremi unuttum. Ne yapmal\u0131y\u0131m? <\/a><\/p>\n<p>Giri\u015f sayfas\u0131ndaki &#8220;\u015eifremi Unuttum&#8221; se\u00e7ene\u011fine t\u0131klay\u0131n. \u015eifrenizi s\u0131f\u0131rlamak i\u00e7in e-posta yoluyla bir ba\u011flant\u0131 alacaks\u0131n\u0131z. <\/p>\n<p><a href=\"#\" data-toggle=\"collapse\" data-target=\"#u-0-41749100-1755421214\" aria-expanded=\"true\">  Destek ile nas\u0131l ileti\u015fime ge\u00e7ebilirim?<\/a><\/p>\n<p>Destek ekibimize <strong>Bize Ula\u015f\u0131n<\/strong> sayfas\u0131ndan ula\u015fabilir veya <strong>support@marketplace28.store<\/strong> adresinden bize e-posta g\u00f6nderebilirsiniz. 24 saat i\u00e7inde yan\u0131t vermeyi hedefliyoruz. <\/p>\n<p><a href=\"#\" data-toggle=\"collapse\" data-target=\"#u-0-41754200-1755421214\" aria-expanded=\"true\">  Kayd\u0131m y\u00fcklenmiyor. Ne yapmal\u0131y\u0131m? <\/a><\/p>\n<p>S\u0131k kar\u015f\u0131la\u015f\u0131lan sorunlar ve d\u00fczeltmeler \u015funlard\u0131r:<\/p>\n<ul>\n<li><strong>Foto\u011fraflar\u0131n\u0131z\u0131n<\/strong> desteklenen bir formatta (.jpg, .png) olup olmad\u0131\u011f\u0131n\u0131 ve \u00e7ok b\u00fcy\u00fck olmad\u0131\u011f\u0131n\u0131 kontrol edin.<\/li>\n<li><strong>Do\u011fru kategoriyi<\/strong>, <strong>konumu<\/strong> ve <strong>\u00fclkeyi<\/strong> se\u00e7ti\u011finizden emin olun.<\/li>\n<li>Gerekli t\u00fcm alanlar\u0131 doldurun ve tekrar deneyin.<\/li>\n<li>Sorun devam ederse <strong>taray\u0131c\u0131n\u0131z\u0131 yenileyin<\/strong> veya ba\u015fka bir cihaz deneyin.<br \/>\nSorun devam ederse deste\u011fe ba\u015fvurun.<\/li>\n<\/ul>\n<p><a href=\"#\" data-toggle=\"collapse\" data-target=\"#u-0-41771200-1755421214\" aria-expanded=\"true\">  \u00d6demem neden ger\u00e7ekle\u015fmiyor?<\/a><\/p>\n<p>\u00d6deme sorunlar\u0131 \u015funlardan dolay\u0131 ortaya \u00e7\u0131kabilir:<\/p>\n<ul>\n<li>Ge\u00e7ersiz veya s\u00fcresi dolmu\u015f kart bilgileri<\/li>\n<li>Eksik fatura bilgileri<\/li>\n<li>Banka k\u0131s\u0131tlamalar\u0131 veya yetersiz bakiye<\/li>\n<\/ul>\n<p>Kart bilgilerinizi bir kez daha kontrol edin veya ba\u015fka bir kart deneyin. Ayr\u0131ca daha sonra tekrar deneyebilir veya bankan\u0131zla ileti\u015fime ge\u00e7ebilirsiniz. Devam eden sorunlar i\u00e7in <strong>destek ekibimizle<\/strong> ileti\u015fime ge\u00e7in.  <\/p>\n","protected":false},"excerpt":{"rendered":"<p>S\u0131k\u00e7a Sorulan Sorular Marketplace28 nedir? Marketplace28, al\u0131c\u0131lar\u0131, sat\u0131c\u0131lar\u0131, i\u015fverenleri, i\u015f arayanlar\u0131 ve hizmet sa\u011flay\u0131c\u0131lar\u0131 birbirine ba\u011flayan k\u00fcresel bir \u00e7evrimi\u00e7i platformdur. \u0130ster ikinci el k\u0131yafet sat\u0131yor olun, ister multi-milyon avroluk bir i\u015fletmeyi listeliyor olun, do\u011fru yerdesiniz. Benzersiziz \u00e7\u00fcnk\u00fc k\u00fcresel, \u00e7ok dilli ve kullan\u0131m\u0131 basit. Nas\u0131l ilan veririm? &#8220;\u0130lan G\u00f6nder&#8221; d\u00fc\u011fmesini t\u0131klay\u0131n, uygun kategoriyi, konumu ve \u00fclkeyi<\/p>\n","protected":false},"author":1,"featured_media":0,"parent":0,"menu_order":0,"comment_status":"closed","ping_status":"closed","template":"","meta":{"_rtcl_gb_attr":"","footnotes":""},"class_list":["post-8012","page","type-page","status-publish","hentry"],"_links":{"self":[{"href":"https:\/\/marketplace28.store\/tr\/wp-json\/wp\/v2\/pages\/8012","targetHints":{"allow":["GET"]}}],"collection":[{"href":"https:\/\/marketplace28.store\/tr\/wp-json\/wp\/v2\/pages"}],"about":[{"href":"https:\/\/marketplace28.store\/tr\/wp-json\/wp\/v2\/types\/page"}],"author":[{"embeddable":true,"href":"https:\/\/marketplace28.store\/tr\/wp-json\/wp\/v2\/users\/1"}],"replies":[{"embeddable":true,"href":"https:\/\/marketplace28.store\/tr\/wp-json\/wp\/v2\/comments?post=8012"}],"version-history":[{"count":0,"href":"https:\/\/marketplace28.store\/tr\/wp-json\/wp\/v2\/pages\/8012\/revisions"}],"wp:attachment":[{"href":"https:\/\/marketplace28.store\/tr\/wp-json\/wp\/v2\/media?parent=8012"}],"curies":[{"name":"wp","href":"https:\/\/api.w.org\/{rel}","templated":true}]}}