{"id":8009,"date":"2021-02-05T06:34:59","date_gmt":"2021-02-05T06:34:59","guid":{"rendered":"https:\/\/marketplace28.store\/shop\/"},"modified":"2025-09-19T16:31:45","modified_gmt":"2025-09-19T16:31:45","slug":"premium-fashion-stores","status":"publish","type":"page","link":"https:\/\/marketplace28.store\/tr\/premium-fashion-stores\/","title":{"rendered":"Premium Moda Ma\u011fazas\u0131"},"content":{"rendered":"\t\t<div data-elementor-type=\"wp-page\" data-elementor-id=\"8009\" class=\"elementor elementor-8009 elementor-2173\" data-elementor-post-type=\"page\">\n\t\t\t\t<div class=\"elementor-element elementor-element-456ef52 e-flex e-con-boxed e-con e-parent\" data-id=\"456ef52\" data-element_type=\"container\" data-e-type=\"container\">\n\t\t\t\t\t<div class=\"e-con-inner\">\n\t\t<div class=\"elementor-element elementor-element-119848e e-grid e-con-full e-con e-child\" data-id=\"119848e\" data-element_type=\"container\" data-e-type=\"container\">\n\t\t<div class=\"elementor-element elementor-element-5ef77ed e-grid e-con-full e-con e-child\" data-id=\"5ef77ed\" data-element_type=\"container\" data-e-type=\"container\">\n\t\t<div class=\"elementor-element elementor-element-undefined-e35a72d e-con-full e-flex e-con e-child\" data-id=\"undefined-e35a72d\" data-element_type=\"container\" data-e-type=\"container\">\n\t\t\t\t<div class=\"elementor-element elementor-element-undefined-fd5ea1a elementor-widget elementor-widget-heading\" data-id=\"undefined-fd5ea1a\" data-element_type=\"widget\" data-e-type=\"widget\" data-widget_type=\"heading.default\">\n\t\t\t\t\t<h2 class=\"elementor-heading-title elementor-size-default\">Premium Moda Ma\u011fazalar\u0131<\/h2>\t\t\t\t<\/div>\n\t\t\t\t<div class=\"elementor-element elementor-element-undefined-682d96e elementor-widget elementor-widget-heading\" data-id=\"undefined-682d96e\" data-element_type=\"widget\" data-e-type=\"widget\" data-widget_type=\"heading.default\">\n\t\t\t\t\t<h5 class=\"elementor-heading-title elementor-size-default\">\u00c7ok \u00e7e\u015fitli premium Moda ma\u011fazalar\u0131m\u0131z\u0131 ve sunduklar\u0131n\u0131 ke\u015ffedin.<\/h5>\t\t\t\t<\/div>\n\t\t\t\t<\/div>\n\t\t<div class=\"elementor-element elementor-element-bccdecc e-grid e-con-full e-con e-child\" data-id=\"bccdecc\" data-element_type=\"container\" data-e-type=\"container\">\n\t\t\t\t<div class=\"elementor-element elementor-element-bd33129 elementor-widget elementor-widget-rt-listing-store-grid\" data-id=\"bd33129\" data-element_type=\"widget\" data-e-type=\"widget\" data-widget_type=\"rt-listing-store-grid.default\">\n\t\t\t\t<div class=\"elementor-widget-container\">\n\t\t\t\t\t<div class=\"rt-el-listing-store-grid\">\r\n\t<div class=\"row auto-clear\">\r\n\t\t\t<\/div>\r\n<\/div>\t\t\t\t<\/div>\n\t\t\t\t<\/div>\n\t\t\t\t<\/div>\n\t\t\t\t<\/div>\n\t\t\t\t<\/div>\n\t\t\t\t\t<\/div>\n\t\t\t\t<\/div>\n\t\t<div class=\"elementor-element elementor-element-undefined-cacde00 e-flex e-con-boxed e-con e-parent\" data-id=\"undefined-cacde00\" data-element_type=\"container\" data-e-type=\"container\">\n\t\t\t\t\t<div class=\"e-con-inner\">\n\t\t\t\t\t<\/div>\n\t\t\t\t<\/div>\n\t\t\t\t<\/div>\n\t\t","protected":false},"excerpt":{"rendered":"<p>Premium Moda Ma\u011fazalar\u0131 \u00c7ok \u00e7e\u015fitli premium Moda ma\u011fazalar\u0131m\u0131z\u0131 ve sunduklar\u0131n\u0131 ke\u015ffedin.<\/p>\n","protected":false},"author":1,"featured_media":0,"parent":0,"menu_order":0,"comment_status":"closed","ping_status":"closed","template":"elementor_header_footer","meta":{"_rtcl_gb_attr":"","footnotes":""},"class_list":["post-8009","page","type-page","status-publish","hentry"],"_links":{"self":[{"href":"https:\/\/marketplace28.store\/tr\/wp-json\/wp\/v2\/pages\/8009","targetHints":{"allow":["GET"]}}],"collection":[{"href":"https:\/\/marketplace28.store\/tr\/wp-json\/wp\/v2\/pages"}],"about":[{"href":"https:\/\/marketplace28.store\/tr\/wp-json\/wp\/v2\/types\/page"}],"author":[{"embeddable":true,"href":"https:\/\/marketplace28.store\/tr\/wp-json\/wp\/v2\/users\/1"}],"replies":[{"embeddable":true,"href":"https:\/\/marketplace28.store\/tr\/wp-json\/wp\/v2\/comments?post=8009"}],"version-history":[{"count":4,"href":"https:\/\/marketplace28.store\/tr\/wp-json\/wp\/v2\/pages\/8009\/revisions"}],"predecessor-version":[{"id":10489,"href":"https:\/\/marketplace28.store\/tr\/wp-json\/wp\/v2\/pages\/8009\/revisions\/10489"}],"wp:attachment":[{"href":"https:\/\/marketplace28.store\/tr\/wp-json\/wp\/v2\/media?parent=8009"}],"curies":[{"name":"wp","href":"https:\/\/api.w.org\/{rel}","templated":true}]}}