{"id":8004,"date":"2018-11-05T08:56:53","date_gmt":"2018-11-05T08:56:53","guid":{"rendered":"https:\/\/marketplace28.store\/about-us\/"},"modified":"2025-09-06T13:38:14","modified_gmt":"2025-09-06T13:38:14","slug":"about-us","status":"publish","type":"page","link":"https:\/\/marketplace28.store\/tr\/about-us\/","title":{"rendered":"Marketplace28 Hakk\u0131nda"},"content":{"rendered":"\t\t<div data-elementor-type=\"wp-page\" data-elementor-id=\"8004\" class=\"elementor elementor-8004 elementor-919\" data-elementor-post-type=\"page\">\n\t\t\t\t<div class=\"elementor-element elementor-element-5428896 e-flex e-con-boxed e-con e-parent\" data-id=\"5428896\" data-element_type=\"container\" data-e-type=\"container\">\n\t\t\t\t\t<div class=\"e-con-inner\">\n\t\t\t\t<div class=\"elementor-element elementor-element-27e985e elementor-widget elementor-widget-rt-title\" data-id=\"27e985e\" data-element_type=\"widget\" data-e-type=\"widget\" data-widget_type=\"rt-title.default\">\n\t\t\t\t<div class=\"elementor-widget-container\">\n\t\t\t\t\t<div class=\"rt-el-title rtin-style-1\">\r\n\t<h2 class=\"rtin-title\">About Us \u2014 Marketplace28<\/h2>\r\n\t\t\t<p class=\"rtin-subtitle\">Discover. Deal. Done.\nWhere Buyers and Sellers Meet \u2014 Anytime, Anywhere.\nFrom Local Finds to Global Deals.<\/p>\r\n\t<\/div>\t\t\t\t<\/div>\n\t\t\t\t<\/div>\n\t\t\t\t\t<\/div>\n\t\t\t\t<\/div>\n\t\t<div class=\"elementor-element elementor-element-098ba02 e-flex e-con-boxed e-con e-parent\" data-id=\"098ba02\" data-element_type=\"container\" data-e-type=\"container\">\n\t\t\t\t\t<div class=\"e-con-inner\">\n\t\t\t\t<div class=\"elementor-element elementor-element-2c4fdae elementor-widget elementor-widget-image\" data-id=\"2c4fdae\" data-element_type=\"widget\" data-e-type=\"widget\" data-widget_type=\"image.default\">\n\t\t\t\t\t\t\t\t\t\t\t\t\t\t\t<img fetchpriority=\"high\" decoding=\"async\" width=\"1268\" height=\"666\" src=\"https:\/\/marketplace28.store\/wp-content\/uploads\/2025\/09\/aboutus.png\" class=\"attachment-full size-full wp-image-8681\" alt=\"\" srcset=\"https:\/\/marketplace28.store\/wp-content\/uploads\/2025\/09\/aboutus.png 1268w, https:\/\/marketplace28.store\/wp-content\/uploads\/2025\/09\/aboutus-300x158.png 300w, https:\/\/marketplace28.store\/wp-content\/uploads\/2025\/09\/aboutus-1024x538.png 1024w, https:\/\/marketplace28.store\/wp-content\/uploads\/2025\/09\/aboutus-768x403.png 768w, https:\/\/marketplace28.store\/wp-content\/uploads\/2025\/09\/aboutus-180x95.png 180w, https:\/\/marketplace28.store\/wp-content\/uploads\/2025\/09\/aboutus-870x457.png 870w\" sizes=\"(max-width: 1268px) 100vw, 1268px\" title=\"\" \/>\t\t\t\t\t\t\t\t\t\t\t\t\t\t\t<\/div>\n\t\t\t\t\t<\/div>\n\t\t\t\t<\/div>\n\t\t\t\t<section class=\"elementor-section elementor-top-section elementor-element elementor-element-2af8600 elementor-section-boxed elementor-section-height-default elementor-section-height-default rt-parallax-bg-no\" data-id=\"2af8600\" data-element_type=\"section\" data-e-type=\"section\">\n\t\t\t\t\t\t<div class=\"elementor-container elementor-column-gap-default\">\n\t\t\t\t\t<div class=\"elementor-column elementor-col-100 elementor-top-column elementor-element elementor-element-be6bd06\" data-id=\"be6bd06\" data-element_type=\"column\" data-e-type=\"column\">\n\t\t\t<div class=\"elementor-widget-wrap elementor-element-populated\">\n\t\t\t\t\t\t<div class=\"elementor-element elementor-element-4dd5ff7 elementor-widget elementor-widget-text-editor\" data-id=\"4dd5ff7\" data-element_type=\"widget\" data-e-type=\"widget\" data-widget_type=\"text-editor.default\">\n\t\t\t\t\t\t\t\t\t<h2><strong style=\"background-color: inherit; color: rgb(100, 100, 100); font-family: Roboto, sans-serif; font-size: 16px;\">Marketplace28&#8217;e<\/strong> <span style=\"background-color: inherit; color: rgb(100, 100, 100); font-family: Roboto, sans-serif; font-size: 16px; font-weight: 400;\">Ho\u015f Geldiniz <\/span><span style=\"background-color: inherit; color: rgb(100, 100, 100); font-family: Roboto, sans-serif; font-size: 16px; font-weight: 400;\">, insanlar\u0131, f\u0131rsatlar\u0131 ve fikirleri bir araya getiren hepsi bir arada dijital hedefiniz. \u0130ster gard\u0131robunuzu temizliyor, ister yerel bir hizmet sunuyor veya ciddi bir i\u015fi \u00f6l\u00e7eklendiriyor olun &#8211; Marketplace28 her yerde herkes i\u00e7in tasarlanm\u0131\u015ft\u0131r. &nbsp;<\/span><\/h2>\n<p>&nbsp;Ancak biz sadece bir seri ilan sitesinden daha fazlas\u0131y\u0131z. S\u0131n\u0131rlar, diller ve ya\u015fam tarzlar\u0131 aras\u0131nda k\u00f6pr\u00fc kurarak ger\u00e7ek ba\u011flant\u0131lar\u0131 te\u015fvik etmek i\u00e7in tasarlanm\u0131\u015f canl\u0131, \u00e7ok dilli bir platformuz. Londra&#8217;dan Boston&#8217;a, \u0130spanya&#8217;dan Ukrayna&#8217;ya, Yunanistan&#8217;dan Belize&#8217;ye, Rusya&#8217;dan Tunus&#8217;a yerel hazineleri ve k\u00fcresel f\u0131rsatlar\u0131 bir araya getiriyor, dostluklar\u0131 gelece\u011fe, hizmetleri ba\u015far\u0131ya d\u00f6n\u00fc\u015ft\u00fcr\u00fcyoruz.  <\/p>\n<h3><strong>Sizin dilinizi konu\u015fuyoruz \u2014 kelimenin tam anlam\u0131yla<\/strong><\/h3>\n<p>Marketplace28 tamamen \u00e7ok dilli olup, nerede olursan\u0131z olun veya hangi dili konu\u015fuyor olursan\u0131z olun g\u00f6nderi payla\u015fmay\u0131, g\u00f6z atmay\u0131 ve ba\u011flant\u0131 kurmay\u0131 kolayla\u015ft\u0131r\u0131r.<\/p>\n<hr>\n<h3><strong>Burada Ne Yapabilirsiniz?<\/strong><\/h3>\n<p>\u00c7evrimi\u00e7i bir pazar yerinden \u00e7ok daha fazlas\u0131y\u0131z:<\/p>\n<ul>\n<li>\n<p>\u0130kinci el k\u0131yafetlerden gayrimenkullere kadar hemen hemen her \u015feyi <strong>sat\u0131n al\u0131n ve sat\u0131n<\/strong><\/p>\n<\/li>\n<li>\n<p>Tamircilerden avukatlara, \u00f6\u011fretmenlerden g\u00fczellik uzmanlar\u0131na kadar <strong>g\u00fcvenilir hizmetler bulun veya sunun<\/strong><\/p>\n<\/li>\n<li>\n<p><strong>Yeni insanlarla tan\u0131\u015f\u0131n<\/strong> \u2014 arkada\u015flar\u0131n\u0131zla, mektup arkada\u015flar\u0131n\u0131zla veya anlaml\u0131 arkada\u015fl\u0131klarla ba\u011flant\u0131 kurun<\/p>\n<\/li>\n<li>\n<p><strong>\u0130\u015fletmenizin veya yetene\u011finizin reklam\u0131n\u0131 yap\u0131n<\/strong> \u2014 markan\u0131z\u0131 tan\u0131t\u0131n, hedef kitlenizi b\u00fcy\u00fct\u00fcn<\/p>\n<\/li>\n<li>\n<p><strong>Seyahat f\u0131rsatlar\u0131n\u0131 ke\u015ffedin<\/strong> \u2014 son dakika tatilleri, kiralamalar veya yerel ka\u00e7amaklar<\/p>\n<\/li>\n<li>\n<p><strong>\u0130\u00e7erik payla\u015f\u0131n<\/strong> \u2014 viral videolar, etkileyici g\u00fcncellemeleri, yarat\u0131c\u0131 bloglar ve reklamlar<\/p>\n<\/li>\n<li>\n<p><strong>\u0130\u015f bulun veya i\u015fe al\u0131n<\/strong> \u2014 h\u0131zl\u0131 i\u015flerden uzun vadeli kariyerlere kadar<\/p>\n<\/li>\n<\/ul>\n<hr>\n<h3><strong>Ba\u015flamas\u0131 \u00fccretsiz. B\u00fcy\u00fcmesi kolay. <\/strong><\/h3>\n<p>\u00dccretsiz olarak temel bir reklam yay\u0131nlay\u0131n. Daha fazla eri\u015fim mi istiyorsunuz? Y\u00fcksek fiyat etiketi olmadan ihtiya\u00e7lar\u0131n\u0131za uygun uygun fiyatl\u0131, esnek promosyonlar aras\u0131ndan se\u00e7im yap\u0131n.  <\/p>\n<hr>\n<h3><strong>Topluluk Odakl\u0131 Bir Platform<\/strong><\/h3>\n<p>Marketplace28 \u00fczerine in\u015fa edilmi\u015ftir&nbsp;<strong>sayg\u0131, kapsay\u0131c\u0131l\u0131k ve eri\u015filebilirlik<\/strong>. Topluluk standartlar\u0131n\u0131 korumak i\u00e7in i\u00e7eri\u011fi denetlerken, odak noktam\u0131z her zaman platformu herkes i\u00e7in a\u00e7\u0131k, adil ve kullan\u0131m\u0131 kolay tutmakt\u0131r. <\/p>\n<p>Kullan\u0131c\u0131lar\u0131m\u0131za nazik, ak\u0131ll\u0131 ve g\u00fcvende olacaklar\u0131na g\u00fcveniyoruz &#8211; t\u0131pk\u0131 ba\u015fkalar\u0131ndan da ayn\u0131s\u0131n\u0131 bekledikleri gibi.<br>Rahats\u0131z edici veya uygunsuz i\u00e7erikle kar\u015f\u0131la\u015f\u0131rsan\u0131z, l\u00fctfen do\u011frudan \u015fu adresten bize ula\u015f\u0131n:<br><img decoding=\"async\" class=\"an1 alignnone\" draggable=\"false\" src=\"https:\/\/fonts.gstatic.com\/s\/e\/notoemoji\/16.0\/1f4e7\/72.png\" alt=\"\ud83d\udce7\" width=\"31\" height=\"31\" data-emoji=\"\ud83d\udce7\" aria-label=\"\ud83d\udce7\"> support@marketplace28.store<\/p>\n<hr>\n<h3><strong>Marketplace28&#8217;de&#8230;<\/strong><\/h3>\n<p>Bu sadece listelerle ilgili de\u011fil.<br>\u0130nsanlarla ilgili.<br>Ba\u011flant\u0131larla ilgili.<br>\u00d6nemli olan daha iyi i\u015f yapmak.<br>Ve hepsinden \u00f6nemlisi \u2014 basitle\u015ftirmekle ilgili.<\/p>\n<p><strong>Ke\u015ffetmek. Anla\u015fma. Yap\u0131lm\u0131\u015f.  <\/strong><br><em>Her zaman. Hi\u00e7bir yere. <\/em><\/p>\t\t\t\t\t\t\t\t<\/div>\n\t\t\t\t<div class=\"elementor-element elementor-element-5970e61 elementor-widget elementor-widget-text-editor\" data-id=\"5970e61\" data-element_type=\"widget\" data-e-type=\"widget\" data-widget_type=\"text-editor.default\">\n\t\t\t\t\t\t\t\t\t<h3><strong>Burada Ne Yapabilirsiniz?<\/strong><\/h3><p>\u00c7evrimi\u00e7i bir pazar yerinden \u00e7ok daha fazlas\u0131y\u0131z:<\/p><ul><li><p>\u0130kinci el k\u0131yafetlerden gayrimenkullere kadar hemen hemen her \u015feyi <strong>sat\u0131n al\u0131n ve sat\u0131n<\/strong><\/p><\/li><li><p>Tamircilerden avukatlara, \u00f6\u011fretmenlerden g\u00fczellik uzmanlar\u0131na kadar <strong>g\u00fcvenilir hizmetler bulun veya sunun<\/strong><\/p><\/li><li><p><strong>Yeni insanlarla tan\u0131\u015f\u0131n<\/strong> \u2014 arkada\u015flar\u0131n\u0131zla, mektup arkada\u015flar\u0131n\u0131zla veya anlaml\u0131 arkada\u015fl\u0131klarla ba\u011flant\u0131 kurun<\/p><\/li><li><p><strong>\u0130\u015fletmenizin veya yetene\u011finizin reklam\u0131n\u0131 yap\u0131n<\/strong> \u2014 markan\u0131z\u0131 tan\u0131t\u0131n, hedef kitlenizi b\u00fcy\u00fct\u00fcn<\/p><\/li><li><p><strong>Seyahat f\u0131rsatlar\u0131n\u0131 ke\u015ffedin<\/strong> \u2014 son dakika tatilleri, kiralamalar veya yerel ka\u00e7amaklar<\/p><\/li><li><p><strong>\u0130\u00e7erik payla\u015f\u0131n<\/strong> \u2014 viral videolar, etkileyici g\u00fcncellemeleri, yarat\u0131c\u0131 bloglar ve reklamlar<\/p><\/li><li><p><strong>\u0130\u015f bulun veya i\u015fe al\u0131n<\/strong> \u2014 h\u0131zl\u0131 i\u015flerden uzun vadeli kariyerlere kadar<\/p><\/li><\/ul>\t\t\t\t\t\t\t\t<\/div>\n\t\t\t\t\t<\/div>\n\t\t<\/div>\n\t\t\t\t\t<\/div>\n\t\t<\/section>\n\t\t\t\t<section class=\"elementor-section elementor-top-section elementor-element elementor-element-5805e8d elementor-section-boxed elementor-section-height-default elementor-section-height-default rt-parallax-bg-no\" data-id=\"5805e8d\" data-element_type=\"section\" data-e-type=\"section\" data-settings=\"{&quot;background_background&quot;:&quot;classic&quot;}\">\n\t\t\t\t\t\t<div class=\"elementor-container elementor-column-gap-default\">\n\t\t\t\t\t<div class=\"elementor-column elementor-col-100 elementor-top-column elementor-element elementor-element-f8e8ecd\" data-id=\"f8e8ecd\" data-element_type=\"column\" data-e-type=\"column\">\n\t\t\t<div class=\"elementor-widget-wrap elementor-element-populated\">\n\t\t\t\t\t\t<div class=\"elementor-element elementor-element-87e171b elementor-widget elementor-widget-rt-title\" data-id=\"87e171b\" data-element_type=\"widget\" data-e-type=\"widget\" data-widget_type=\"rt-title.default\">\n\t\t\t\t<div class=\"elementor-widget-container\">\n\t\t\t\t\t<div class=\"rt-el-title rtin-style-1\">\r\n\t<h2 class=\"rtin-title\">How it Works<\/h2>\r\n\t<\/div>\t\t\t\t<\/div>\n\t\t\t\t<\/div>\n\t\t\t\t<section class=\"elementor-section elementor-inner-section elementor-element elementor-element-523875b elementor-section-boxed elementor-section-height-default elementor-section-height-default rt-parallax-bg-no\" data-id=\"523875b\" data-element_type=\"section\" data-e-type=\"section\">\n\t\t\t\t\t\t<div class=\"elementor-container elementor-column-gap-default\">\n\t\t\t\t\t<div class=\"elementor-column elementor-col-25 elementor-inner-column elementor-element elementor-element-53e6a8a\" data-id=\"53e6a8a\" data-element_type=\"column\" data-e-type=\"column\">\n\t\t\t<div class=\"elementor-widget-wrap elementor-element-populated\">\n\t\t\t\t\t\t<div class=\"elementor-element elementor-element-e29c25e elementor-widget elementor-widget-rt-info-box\" data-id=\"e29c25e\" data-element_type=\"widget\" data-e-type=\"widget\" data-widget_type=\"rt-info-box.default\">\n\t\t\t\t<div class=\"elementor-widget-container\">\n\t\t\t\t\t\r\n\r\n    <div class=\"rt-el-info-box\">\r\n        <div class=\"rtin-icon\"><i class=\"fa fa-user\" aria-hidden=\"true\"><\/i><\/div>\r\n        <div class=\"rtin-content\">\r\n            <h3 class=\"rtin-title\">Create Account<\/h3>\r\n                    <\/div>\r\n    <\/div>\r\n\r\n\t\t\t\t<\/div>\n\t\t\t\t<\/div>\n\t\t\t\t\t<\/div>\n\t\t<\/div>\n\t\t\t\t<div class=\"elementor-column elementor-col-25 elementor-inner-column elementor-element elementor-element-6b2a9c7\" data-id=\"6b2a9c7\" data-element_type=\"column\" data-e-type=\"column\">\n\t\t\t<div class=\"elementor-widget-wrap elementor-element-populated\">\n\t\t\t\t\t\t<div class=\"elementor-element elementor-element-37c907f elementor-widget elementor-widget-rt-info-box\" data-id=\"37c907f\" data-element_type=\"widget\" data-e-type=\"widget\" data-widget_type=\"rt-info-box.default\">\n\t\t\t\t<div class=\"elementor-widget-container\">\n\t\t\t\t\t\r\n\r\n    <div class=\"rt-el-info-box\">\r\n        <div class=\"rtin-icon\"><i class=\"fa fa-eraser\" aria-hidden=\"true\"><\/i><\/div>\r\n        <div class=\"rtin-content\">\r\n            <h3 class=\"rtin-title\">Post your Ad<\/h3>\r\n                    <\/div>\r\n    <\/div>\r\n\r\n\t\t\t\t<\/div>\n\t\t\t\t<\/div>\n\t\t\t\t\t<\/div>\n\t\t<\/div>\n\t\t\t\t<div class=\"elementor-column elementor-col-25 elementor-inner-column elementor-element elementor-element-f849458\" data-id=\"f849458\" data-element_type=\"column\" data-e-type=\"column\">\n\t\t\t<div class=\"elementor-widget-wrap elementor-element-populated\">\n\t\t\t\t\t\t<div class=\"elementor-element elementor-element-75a6434 elementor-widget elementor-widget-rt-info-box\" data-id=\"75a6434\" data-element_type=\"widget\" data-e-type=\"widget\" data-widget_type=\"rt-info-box.default\">\n\t\t\t\t<div class=\"elementor-widget-container\">\n\t\t\t\t\t\r\n\r\n    <div class=\"rt-el-info-box\">\r\n        <div class=\"rtin-icon\"><i class=\"fa fa-volume-up\" aria-hidden=\"true\"><\/i><\/div>\r\n        <div class=\"rtin-content\">\r\n            <h3 class=\"rtin-title\">Get Offers<\/h3>\r\n                    <\/div>\r\n    <\/div>\r\n\r\n\t\t\t\t<\/div>\n\t\t\t\t<\/div>\n\t\t\t\t\t<\/div>\n\t\t<\/div>\n\t\t\t\t<div class=\"elementor-column elementor-col-25 elementor-inner-column elementor-element elementor-element-daff55c\" data-id=\"daff55c\" data-element_type=\"column\" data-e-type=\"column\">\n\t\t\t<div class=\"elementor-widget-wrap elementor-element-populated\">\n\t\t\t\t\t\t<div class=\"elementor-element elementor-element-9549623 elementor-widget elementor-widget-rt-info-box\" data-id=\"9549623\" data-element_type=\"widget\" data-e-type=\"widget\" data-widget_type=\"rt-info-box.default\">\n\t\t\t\t<div class=\"elementor-widget-container\">\n\t\t\t\t\t\r\n\r\n    <div class=\"rt-el-info-box\">\r\n        <div class=\"rtin-icon\"><i class=\"fa fa-magic\" aria-hidden=\"true\"><\/i><\/div>\r\n        <div class=\"rtin-content\">\r\n            <h3 class=\"rtin-title\">Sell Your Item<\/h3>\r\n                    <\/div>\r\n    <\/div>\r\n\r\n\t\t\t\t<\/div>\n\t\t\t\t<\/div>\n\t\t\t\t\t<\/div>\n\t\t<\/div>\n\t\t\t\t\t<\/div>\n\t\t<\/section>\n\t\t\t\t\t<\/div>\n\t\t<\/div>\n\t\t\t\t\t<\/div>\n\t\t<\/section>\n\t\t\t\t<div class=\"elementor-section elementor-top-section elementor-element elementor-element-662c4a2 elementor-section-boxed elementor-section-height-default elementor-section-height-default rt-parallax-bg-no\" data-id=\"662c4a2\" data-element_type=\"section\" data-e-type=\"section\" data-settings=\"{&quot;background_background&quot;:&quot;classic&quot;}\">\n\t\t\t\t\t\t\t<div class=\"elementor-background-overlay\"><\/div>\n\t\t\t\t\t\t\t<div class=\"elementor-container elementor-column-gap-default\">\n\t\t\t\t\t<div class=\"elementor-column elementor-col-33 elementor-top-column elementor-element elementor-element-15cf68f\" data-id=\"15cf68f\" data-element_type=\"column\" data-e-type=\"column\">\n\t\t\t<div class=\"elementor-widget-wrap elementor-element-populated\">\n\t\t\t\t\t\t<div class=\"elementor-element elementor-element-c014d32 elementor-widget elementor-widget-rt-counter\" data-id=\"c014d32\" data-element_type=\"widget\" data-e-type=\"widget\" data-widget_type=\"rt-counter.default\">\n\t\t\t\t<div class=\"elementor-widget-container\">\n\t\t\t\t\t<div class=\"rt-el-counter rtin-dark\">\r\n\t<div class=\"rtin-item clearfix\">\r\n\t\t<div class=\"rtin-left\">\r\n\t\t\t\t\t<\/div>\r\n\t\t<div class=\"rtin-right\">\r\n\t\t\t<div class=\"rtin-counter\"><span class=\"rt-counter-num\" data-counterup-time=\"1000\" data-counterup-delay=\"10\">5000<\/span>+<\/div>\r\n\t\t\t<div class=\"rtin-title\">Products<\/div>\r\n\t\t<\/div>\t\r\n\t<\/div>\r\n<\/div>\t\t\t\t<\/div>\n\t\t\t\t<\/div>\n\t\t\t\t\t<\/div>\n\t\t<\/div>\n\t\t\t\t<div class=\"elementor-column elementor-col-33 elementor-top-column elementor-element elementor-element-310784e\" data-id=\"310784e\" data-element_type=\"column\" data-e-type=\"column\">\n\t\t\t<div class=\"elementor-widget-wrap elementor-element-populated\">\n\t\t\t\t\t\t<div class=\"elementor-element elementor-element-9b12e83 elementor-widget elementor-widget-rt-counter\" data-id=\"9b12e83\" data-element_type=\"widget\" data-e-type=\"widget\" data-widget_type=\"rt-counter.default\">\n\t\t\t\t<div class=\"elementor-widget-container\">\n\t\t\t\t\t<div class=\"rt-el-counter rtin-dark\">\r\n\t<div class=\"rtin-item clearfix\">\r\n\t\t<div class=\"rtin-left\">\r\n\t\t\t\t\t<\/div>\r\n\t\t<div class=\"rtin-right\">\r\n\t\t\t<div class=\"rtin-counter\"><span class=\"rt-counter-num\" data-counterup-time=\"1000\" data-counterup-delay=\"10\">3265<\/span>+<\/div>\r\n\t\t\t<div class=\"rtin-title\">Happy Customers<\/div>\r\n\t\t<\/div>\t\r\n\t<\/div>\r\n<\/div>\t\t\t\t<\/div>\n\t\t\t\t<\/div>\n\t\t\t\t\t<\/div>\n\t\t<\/div>\n\t\t\t\t<div class=\"elementor-column elementor-col-33 elementor-top-column elementor-element elementor-element-1a29053\" data-id=\"1a29053\" data-element_type=\"column\" data-e-type=\"column\">\n\t\t\t<div class=\"elementor-widget-wrap elementor-element-populated\">\n\t\t\t\t\t\t<div class=\"elementor-element elementor-element-96ee190 elementor-widget elementor-widget-rt-counter\" data-id=\"96ee190\" data-element_type=\"widget\" data-e-type=\"widget\" data-widget_type=\"rt-counter.default\">\n\t\t\t\t<div class=\"elementor-widget-container\">\n\t\t\t\t\t<div class=\"rt-el-counter rtin-dark\">\r\n\t<div class=\"rtin-item clearfix\">\r\n\t\t<div class=\"rtin-left\">\r\n\t\t\t\t\t<\/div>\r\n\t\t<div class=\"rtin-right\">\r\n\t\t\t<div class=\"rtin-counter\"><span class=\"rt-counter-num\" data-counterup-time=\"1000\" data-counterup-delay=\"10\">2000<\/span>+<\/div>\r\n\t\t\t<div class=\"rtin-title\">Verified Users<\/div>\r\n\t\t<\/div>\t\r\n\t<\/div>\r\n<\/div>\t\t\t\t<\/div>\n\t\t\t\t<\/div>\n\t\t\t\t\t<\/div>\n\t\t<\/div>\n\t\t\t\t\t<\/div>\n\t\t<\/div>\n\t\t\t\t<\/div>\n\t\t","protected":false},"excerpt":{"rendered":"<p>About Us \u2014 Marketplace28 Discover. Deal. Done. Where Buyers and Sellers Meet \u2014 Anytime, Anywhere. From Local Finds to Global Deals. Marketplace28&#8217;e Ho\u015f Geldiniz , insanlar\u0131, f\u0131rsatlar\u0131 ve fikirleri bir araya getiren hepsi bir arada dijital hedefiniz. \u0130ster gard\u0131robunuzu temizliyor, ister yerel bir hizmet sunuyor veya ciddi bir i\u015fi \u00f6l\u00e7eklendiriyor olun &#8211; Marketplace28 her yerde<\/p>\n","protected":false},"author":1,"featured_media":0,"parent":0,"menu_order":0,"comment_status":"closed","ping_status":"closed","template":"templates\/blank.php","meta":{"_rtcl_gb_attr":"","footnotes":""},"class_list":["post-8004","page","type-page","status-publish","hentry"],"_links":{"self":[{"href":"https:\/\/marketplace28.store\/tr\/wp-json\/wp\/v2\/pages\/8004","targetHints":{"allow":["GET"]}}],"collection":[{"href":"https:\/\/marketplace28.store\/tr\/wp-json\/wp\/v2\/pages"}],"about":[{"href":"https:\/\/marketplace28.store\/tr\/wp-json\/wp\/v2\/types\/page"}],"author":[{"embeddable":true,"href":"https:\/\/marketplace28.store\/tr\/wp-json\/wp\/v2\/users\/1"}],"replies":[{"embeddable":true,"href":"https:\/\/marketplace28.store\/tr\/wp-json\/wp\/v2\/comments?post=8004"}],"version-history":[{"count":2,"href":"https:\/\/marketplace28.store\/tr\/wp-json\/wp\/v2\/pages\/8004\/revisions"}],"predecessor-version":[{"id":8738,"href":"https:\/\/marketplace28.store\/tr\/wp-json\/wp\/v2\/pages\/8004\/revisions\/8738"}],"wp:attachment":[{"href":"https:\/\/marketplace28.store\/tr\/wp-json\/wp\/v2\/media?parent=8004"}],"curies":[{"name":"wp","href":"https:\/\/api.w.org\/{rel}","templated":true}]}}