{"id":7926,"date":"2025-07-28T14:37:08","date_gmt":"2025-07-28T14:37:08","guid":{"rendered":"https:\/\/marketplace28.store\/legal-disclaimer\/"},"modified":"2025-09-05T15:45:28","modified_gmt":"2025-09-05T15:45:28","slug":"legal-disclaimer","status":"publish","type":"page","link":"https:\/\/marketplace28.store\/tr\/legal-disclaimer\/","title":{"rendered":"Yasal Uyar\u0131"},"content":{"rendered":"\t\t<div data-elementor-type=\"wp-page\" data-elementor-id=\"7926\" class=\"elementor elementor-7926 elementor-3127\" data-elementor-post-type=\"page\">\n\t\t\t\t<div class=\"elementor-element elementor-element-3691c3a e-flex e-con-boxed e-con e-parent\" data-id=\"3691c3a\" data-element_type=\"container\" data-e-type=\"container\">\n\t\t\t\t\t<div class=\"e-con-inner\">\n\t\t\t\t<div class=\"elementor-element elementor-element-47223ad elementor-widget elementor-widget-text-editor\" data-id=\"47223ad\" data-element_type=\"widget\" data-e-type=\"widget\" data-widget_type=\"text-editor.default\">\n\t\t\t\t\t\t\t\t\t<p><strong>1. Genel Kullan\u0131m ve Kullan\u0131c\u0131 Sorumlulu\u011fu<\/strong><br>Bu \u00e7evrimi\u00e7i pazar yeri platformuna (&#8220;Platform&#8221;) eri\u015ferek ve bunlar\u0131 kullanarak, t\u00fcm i\u00e7eri\u011fin, listelerin, reklamlar\u0131n ve i\u015flemlerin ba\u011f\u0131ms\u0131z \u00fc\u00e7\u00fcnc\u00fc taraflar aras\u0131nda y\u00fcr\u00fct\u00fcld\u00fc\u011f\u00fcn\u00fc kabul ve beyan edersiniz. Platform yaln\u0131zca pasif bir arac\u0131 olarak hareket eder ve kullan\u0131c\u0131lar aras\u0131nda yap\u0131lan herhangi bir i\u015flem veya s\u00f6zle\u015fmeye taraf de\u011fildir. <\/p><p>T\u00fcm kullan\u0131c\u0131lar, Platformu ve Platform arac\u0131l\u0131\u011f\u0131yla elde edilen herhangi bir mal, hizmet veya bilgiyi kullan\u0131mlar\u0131n\u0131n <strong>riskinin tamamen kendilerine ait<\/strong> oldu\u011funu kabul eder. Platformda listelenen herhangi bir mal, hizmet veya sa\u011flay\u0131c\u0131n\u0131n kimli\u011fini, kimlik bilgilerini, durumunu, ger\u00e7ekli\u011fini veya yasall\u0131\u011f\u0131n\u0131 do\u011frulamak dahil ancak bunlarla s\u0131n\u0131rl\u0131 olmamak \u00fczere kendi durum tespitini yapmak her kullan\u0131c\u0131n\u0131n sorumlulu\u011fundad\u0131r. <\/p><p><strong>2. Garanti veya Sorumluluk Olmamas\u0131<\/strong><br>Platform ve sahipleri, operat\u00f6rleri, ba\u011fl\u0131 kurulu\u015flar\u0131, \u00e7al\u0131\u015fanlar\u0131 ve acenteleri, sunulan listelerin veya hizmetlerin do\u011frulu\u011fu, g\u00fcvenilirli\u011fi, eksiksizli\u011fi veya uygunlu\u011fu ile ilgili olarak a\u00e7\u0131k veya z\u0131mni hi\u00e7bir beyanda bulunmaz veya garanti vermez. Platform, herhangi bir garanti olmaks\u0131z\u0131n &#8220;oldu\u011fu gibi&#8221; ve &#8220;mevcut oldu\u011fu gibi&#8221; sa\u011flanmaktad\u0131r. <\/p><p>Platform veya ba\u011fl\u0131 kurulu\u015flar\u0131, doland\u0131r\u0131c\u0131l\u0131k, yanl\u0131\u015f beyan, \u00fcr\u00fcn kusurlar\u0131, teslimat\u0131n yap\u0131lmamas\u0131 veya kullan\u0131c\u0131lar aras\u0131ndaki anla\u015fmazl\u0131klardan kaynaklanan kay\u0131plar dahil ancak bunlarla s\u0131n\u0131rl\u0131 olmamak \u00fczere, Platformun kullan\u0131m\u0131ndan kaynaklanan veya bununla ilgili herhangi bir do\u011frudan, dolayl\u0131, ar\u0131zi, sonu\u00e7 olarak ortaya \u00e7\u0131kan veya cezai zarardan hi\u00e7bir ko\u015fulda sorumlu tutulamaz.<\/p><p><strong>3. \u0130\u015flemler ve \u00d6demeler<\/strong><br>Platform \u00fczerinden ger\u00e7ekle\u015ftirilen i\u015flemlerden kaynaklanan t\u00fcm s\u00f6zle\u015fmeler, m\u00fczakereler, \u00f6demeler, teslimatlar ve ilgili y\u00fck\u00fcml\u00fcl\u00fcklerden yaln\u0131zca kullan\u0131c\u0131lar sorumludur. Platform, aksi a\u00e7\u0131k\u00e7a belirtilmedik\u00e7e herhangi bir \u00f6deme tutmaz, fonlar\u0131 emanete tabi tutmaz veya bir \u00f6deme i\u015flemcisi olarak hareket etmez. <\/p><p>Kullan\u0131c\u0131lar\u0131n g\u00fcvenli \u00f6deme y\u00f6ntemlerini kullanmalar\u0131 ve tan\u0131d\u0131k olmayan taraflarla i\u015f yaparken dikkatli olmalar\u0131 \u00f6nerilir.<\/p><p><strong>4. Fikri M\u00fclkiyet<\/strong><br>Platformdaki t\u00fcm i\u00e7erik, ticari markalar, logolar ve fikri m\u00fclkiyet, aksi belirtilmedik\u00e7e Platform&#8217;a aittir veya Platform&#8217;a lisansl\u0131d\u0131r. Kullan\u0131c\u0131lar, a\u00e7\u0131k izin almadan herhangi bir Platform i\u00e7eri\u011fini ticari ama\u00e7larla \u00e7o\u011faltmamay\u0131, da\u011f\u0131tmamay\u0131 veya kullanmamay\u0131 kabul eder. <\/p><p><strong>5. Yasaklanm\u0131\u015f \u0130\u00e7erik ve Davran\u0131\u015f<\/strong><br>Kullan\u0131c\u0131lar yasa d\u0131\u015f\u0131, hileli, karalay\u0131c\u0131, m\u00fcstehcen, sald\u0131rgan, ihlal edici veya ba\u015fka bir \u015fekilde sak\u0131ncal\u0131 herhangi bir i\u00e7erik y\u00fcklememeli, yay\u0131nlamamal\u0131 veya iletmemelidir. Bu, sahte mallar, sald\u0131rgan materyaller, pornografi, nefret s\u00f6ylemi, insan ka\u00e7ak\u00e7\u0131l\u0131\u011f\u0131 veya yerel veya uluslararas\u0131 yasalar\u0131 ihlal eden herhangi bir i\u00e7eri\u011fi i\u00e7erir ancak bunlarla s\u0131n\u0131rl\u0131 de\u011fildir. <\/p><p>Platform, bu \u015fartlar\u0131 ihlal eden herhangi bir i\u00e7eri\u011fe veya kullan\u0131c\u0131 hesab\u0131na eri\u015fimi kald\u0131rma veya devre d\u0131\u015f\u0131 b\u0131rakma ve yasa d\u0131\u015f\u0131 faaliyetleri ilgili makamlara bildirme hakk\u0131n\u0131 sakl\u0131 tutar.<\/p><p><strong>6. Yasalara Uygunluk<\/strong><br>Kullan\u0131c\u0131lar, Platformu kullan\u0131rken kendi yetki alanlar\u0131ndaki ge\u00e7erli t\u00fcm yasalara, d\u00fczenlemelere ve yasal gerekliliklere uymay\u0131 kabul eder. Bu, t\u00fcketici koruma yasalar\u0131n\u0131, ithalat\/ihracat k\u0131s\u0131tlamalar\u0131n\u0131, veri gizlili\u011fi d\u00fczenlemelerini ve vergi y\u00fck\u00fcml\u00fcl\u00fcklerini i\u00e7erir, ancak bunlarla s\u0131n\u0131rl\u0131 de\u011fildir. <\/p><p><strong>7. Tazminat<\/strong><br>Kullan\u0131c\u0131lar, Platformu ve ba\u011fl\u0131 kurulu\u015flar\u0131n\u0131, Platformu kullanmalar\u0131ndan, bu \u015fartlar\u0131n ihlalinden veya \u00fc\u00e7\u00fcnc\u00fc bir taraf\u0131n haklar\u0131n\u0131n ihlalinden kaynaklanan veya bunlarla ilgili herhangi bir talep, zarar, kay\u0131p, y\u00fck\u00fcml\u00fcl\u00fck, maliyet veya masraftan tazmin etmeyi, savunmay\u0131 ve zarars\u0131z tutmay\u0131 kabul eder.<\/p><p><strong>8. De\u011fi\u015fiklik ve Fesih<\/strong><br>Platform, hizmetin tamam\u0131n\u0131 veya bir k\u0131sm\u0131n\u0131 herhangi bir zamanda bildirimde bulunmaks\u0131z\u0131n de\u011fi\u015ftirme, ask\u0131ya alma veya sonland\u0131rma hakk\u0131n\u0131 sakl\u0131 tutar. Platform ayr\u0131ca bu feragatnameleri ve \u015fartlar\u0131 tamamen kendi takdirine ba\u011fl\u0131 olarak de\u011fi\u015ftirebilir. <\/p><hr><p><strong>Bu Platformu kullanarak, bu Yasal Uyar\u0131y\u0131 okudu\u011funuzu, anlad\u0131\u011f\u0131n\u0131z\u0131 ve kabul etti\u011finizi kabul etmi\u015f olursunuz. Kabul etmiyorsan\u0131z, l\u00fctfen Platformu kullanmaktan ka\u00e7\u0131n\u0131n. <\/strong><\/p>\t\t\t\t\t\t\t\t<\/div>\n\t\t\t\t\t<\/div>\n\t\t\t\t<\/div>\n\t\t\t\t<\/div>\n\t\t","protected":false},"excerpt":{"rendered":"<p>1. Genel Kullan\u0131m ve Kullan\u0131c\u0131 Sorumlulu\u011fuBu \u00e7evrimi\u00e7i pazar yeri platformuna (&#8220;Platform&#8221;) eri\u015ferek ve bunlar\u0131 kullanarak, t\u00fcm i\u00e7eri\u011fin, listelerin, reklamlar\u0131n ve i\u015flemlerin ba\u011f\u0131ms\u0131z \u00fc\u00e7\u00fcnc\u00fc taraflar aras\u0131nda y\u00fcr\u00fct\u00fcld\u00fc\u011f\u00fcn\u00fc kabul ve beyan edersiniz. Platform yaln\u0131zca pasif bir arac\u0131 olarak hareket eder ve kullan\u0131c\u0131lar aras\u0131nda yap\u0131lan herhangi bir i\u015flem veya s\u00f6zle\u015fmeye taraf de\u011fildir. T\u00fcm kullan\u0131c\u0131lar, Platformu ve Platform arac\u0131l\u0131\u011f\u0131yla<\/p>\n","protected":false},"author":1,"featured_media":0,"parent":0,"menu_order":0,"comment_status":"closed","ping_status":"closed","template":"","meta":{"_rtcl_gb_attr":"","footnotes":""},"class_list":["post-7926","page","type-page","status-publish","hentry"],"_links":{"self":[{"href":"https:\/\/marketplace28.store\/tr\/wp-json\/wp\/v2\/pages\/7926","targetHints":{"allow":["GET"]}}],"collection":[{"href":"https:\/\/marketplace28.store\/tr\/wp-json\/wp\/v2\/pages"}],"about":[{"href":"https:\/\/marketplace28.store\/tr\/wp-json\/wp\/v2\/types\/page"}],"author":[{"embeddable":true,"href":"https:\/\/marketplace28.store\/tr\/wp-json\/wp\/v2\/users\/1"}],"replies":[{"embeddable":true,"href":"https:\/\/marketplace28.store\/tr\/wp-json\/wp\/v2\/comments?post=7926"}],"version-history":[{"count":1,"href":"https:\/\/marketplace28.store\/tr\/wp-json\/wp\/v2\/pages\/7926\/revisions"}],"predecessor-version":[{"id":7928,"href":"https:\/\/marketplace28.store\/tr\/wp-json\/wp\/v2\/pages\/7926\/revisions\/7928"}],"wp:attachment":[{"href":"https:\/\/marketplace28.store\/tr\/wp-json\/wp\/v2\/media?parent=7926"}],"curies":[{"name":"wp","href":"https:\/\/api.w.org\/{rel}","templated":true}]}}