{"id":7911,"date":"2025-07-28T14:27:59","date_gmt":"2025-07-28T14:27:59","guid":{"rendered":"https:\/\/marketplace28.store\/marketplace28-terms-of-use\/"},"modified":"2025-09-05T15:45:26","modified_gmt":"2025-09-05T15:45:26","slug":"marketplace28-terms-of-use","status":"publish","type":"page","link":"https:\/\/marketplace28.store\/tr\/marketplace28-terms-of-use\/","title":{"rendered":"Marketplace28 Kullan\u0131m Ko\u015fullar\u0131"},"content":{"rendered":"\t\t<div data-elementor-type=\"wp-page\" data-elementor-id=\"7911\" class=\"elementor elementor-7911 elementor-3121\" data-elementor-post-type=\"page\">\n\t\t\t\t<div class=\"elementor-element elementor-element-cbc0fbc e-flex e-con-boxed e-con e-parent\" data-id=\"cbc0fbc\" data-element_type=\"container\" data-e-type=\"container\">\n\t\t\t\t\t<div class=\"e-con-inner\">\n\t\t\t\t<div class=\"elementor-element elementor-element-254d477b elementor-widget elementor-widget-text-editor\" data-id=\"254d477b\" data-element_type=\"widget\" data-e-type=\"widget\" data-widget_type=\"text-editor.default\">\n\t\t\t\t\t\t\t\t\t\n<div id=\"model-response-message-contentr_75fedd8bd48d642e\" class=\"markdown markdown-main-panel enable-updated-hr-color\" dir=\"ltr\">\n<h1>Marketplace28 Kullan\u0131m Ko\u015fullar\u0131<\/h1>\n<p> <\/p>\n<p><i>Son g\u00fcncelleme: 28 Temmuz 2025<\/i><\/p>\n<p> <\/p>\n<h2>1. \u015eartlar\u0131n Kabul\u00fc<\/h2>\n<p> <\/p>\n<p>Marketplace28&#8217;e (&#8220;Platform&#8221;) eri\u015ferek veya bunlar\u0131 kullanarak, bu <b>Kullan\u0131m Ko\u015fullar\u0131na<\/b> ve <b>Gizlilik Politikam\u0131za<\/b> ba\u011fl\u0131 kalmay\u0131 kabul edersiniz.<\/p>\n<hr>\n<p> <\/p>\n<h2>2. Uygunluk<\/h2>\n<p> <\/p>\n<p>Kullan\u0131c\u0131lar en az <b>18 ya\u015f\u0131nda<\/b> olmal\u0131 veya kendi yetki alanlar\u0131ndaki re\u015fit olma ya\u015f\u0131na ula\u015fm\u0131\u015f olmal\u0131d\u0131r.<\/p>\n<hr>\n<p> <\/p>\n<h2>3. Kullan\u0131c\u0131 Hesaplar\u0131<\/h2>\n<p> <\/p>\n<p>Hesap bilgilerinizin ve hesab\u0131n\u0131z arac\u0131l\u0131\u011f\u0131yla ger\u00e7ekle\u015ftirilen t\u00fcm faaliyetlerin <b>gizlili\u011fini<\/b> korumaktan siz sorumlusunuz.<\/p>\n<hr>\n<p> <\/p>\n<h2>4. Kullan\u0131c\u0131 Davran\u0131\u015f\u0131<\/h2>\n<p> <\/p>\n<p>Kullan\u0131c\u0131lar, Platformu sald\u0131rgan veya ihlal edici i\u00e7erik yay\u0131nlamak da dahil olmak \u00fczere <b>yasa d\u0131\u015f\u0131, hileli veya yasaklanm\u0131\u015f ama\u00e7lar<\/b> i\u00e7in kullanmamay\u0131 kabul eder.<\/p>\n<hr>\n<p> <\/p>\n<h2>5. Listelemeler ve \u0130\u015flemler<\/h2>\n<p> <\/p>\n<p>Marketplace28, al\u0131c\u0131lar ve sat\u0131c\u0131lar aras\u0131ndaki listelemeleri ve i\u015flemleri kolayla\u015ft\u0131r\u0131r, ancak listelenen \u00fcr\u00fcn veya hizmetlerin <b>do\u011frulu\u011funu, yasall\u0131\u011f\u0131n\u0131 veya kalitesini<\/b> garanti etmez.<\/p>\n<hr>\n<p> <\/p>\n<h2>6. \u00d6deme Politikalar\u0131<\/h2>\n<p> <\/p>\n<ul>\n<li>\n<p>Marketplace28, g\u00f6r\u00fcn\u00fcrl\u00fc\u011f\u00fc art\u0131rmak i\u00e7in <b>\u00fccretli reklamlar<\/b> ve <b>premium listeleme hizmetleri<\/b> sunar.<\/p>\n<\/li>\n<li>\n<p>\u00d6demeler, yetkili \u00fc\u00e7\u00fcnc\u00fc taraf \u00f6deme a\u011f ge\u00e7itleri arac\u0131l\u0131\u011f\u0131yla g\u00fcvenli bir \u015fekilde i\u015flenir.<\/p>\n<\/li>\n<li>\n<p>\u00d6denen t\u00fcm \u00fccretler, yasalar\u0131n gerektirdi\u011fi durumlar veya Marketplace28&#8217;in kendi takdirine ba\u011fl\u0131 olmad\u0131k\u00e7a <b>iade edilmez<\/b> .<\/p>\n<\/li>\n<li>\n<p>Marketplace28, kullan\u0131c\u0131lar aras\u0131ndaki herhangi bir i\u015flem veya \u00f6deme anla\u015fmazl\u0131\u011f\u0131 i\u00e7in sorumluluk kabul etmez.<\/p>\n<\/li>\n<li>\n<p>Kullan\u0131c\u0131lar, \u00f6demelerin Marketplace28&#8217;in kat\u0131l\u0131m\u0131 d\u0131\u015f\u0131ndaki di\u011fer taraflarla kararla\u015ft\u0131r\u0131lan \u015fartlara g\u00f6re yap\u0131ld\u0131\u011f\u0131ndan emin olmal\u0131d\u0131r.<\/p>\n<\/li>\n<\/ul>\n<p> <\/p>\n<h3>\u00d6deme Ko\u015fullar\u0131, Geri \u00d6deme ve Ters \u0130braz Politikas\u0131<\/h3>\n<p> <\/p>\n<p> <\/p>\n<h4>6.1 Hizmetler i\u00e7in \u00d6deme<\/h4>\n<p> <\/p>\n<p>Marketplace28, <b>premium listelemeler<\/b>, <b>\u00f6ne \u00e7\u0131kan reklamlar<\/b> ve <b>abonelik paketleri<\/b> (&#8220;\u00dccretli Hizmetler&#8221;) dahil ancak bunlarla s\u0131n\u0131rl\u0131 olmamak \u00fczere \u00fccretli hizmetler sunar. \u00dccretli Hizmetleri tercih eden kullan\u0131c\u0131lar, sat\u0131n alma s\u0131ras\u0131nda belirtilen t\u00fcm ge\u00e7erli \u00fccretleri \u00f6demeyi kabul eder. <\/p>\n<p> <\/p>\n<h4>6.2 \u00d6deme \u0130\u015flemleri<\/h4>\n<p> <\/p>\n<p>T\u00fcm \u00f6demeler, yetkili <b>\u00fc\u00e7\u00fcnc\u00fc taraf \u00f6deme sa\u011flay\u0131c\u0131lar\u0131<\/b> arac\u0131l\u0131\u011f\u0131yla g\u00fcvenli bir \u015fekilde i\u015flenir. Marketplace28, \u00f6deme kart\u0131 bilgilerini saklamaz. <\/p>\n<p> <\/p>\n<h4>6.3 \u00dccretler ve Masraflar<\/h4>\n<p> <\/p>\n<ul>\n<li>\n<p>T\u00fcm \u00fccretler, \u00f6deme s\u0131ras\u0131nda belirtilen para biriminde belirtilmi\u015ftir.<\/p>\n<\/li>\n<li>\n<p>Vergiler veya di\u011fer resmi \u00fccretler ge\u00e7erli olabilir ve kullan\u0131c\u0131n\u0131n sorumlulu\u011fundad\u0131r.<\/p>\n<\/li>\n<li>\n<p>Bu Politikada a\u00e7\u0131klananlar d\u0131\u015f\u0131nda \u00fccretler <b>iade edilmez<\/b> .<\/p>\n<\/li>\n<\/ul>\n<p> <\/p>\n<h4>6.4 Geri \u00f6deme politikas\u0131<\/h4>\n<p> <\/p>\n<ul>\n<li>\n<p>\u00dccretli Hizmetler i\u00e7in yap\u0131lan \u00f6demeler genellikle <b>iade edilmez<\/b>.<\/p>\n<\/li>\n<li>\n<p>Hizmetlerin sunulmas\u0131n\u0131 engelleyen teknik sorunlar, m\u00fckerrer \u00f6demeler veya yetkisiz i\u015flemler gibi durumlarda geri \u00f6demeler tamamen Marketplace28&#8217;in takdirine ba\u011fl\u0131 olarak yap\u0131labilir.<\/p>\n<\/li>\n<li>\n<p>Geri \u00f6deme talebinde bulunmak i\u00e7in kullan\u0131c\u0131lar, \u00f6deme tarihinden itibaren <b>14 g\u00fcn i\u00e7inde<\/b> Marketplace28 deste\u011fiyle ileti\u015fime ge\u00e7meli ve ilgili i\u015flem ayr\u0131nt\u0131lar\u0131n\u0131 sa\u011flamal\u0131d\u0131r.<\/p>\n<\/li>\n<li>\n<p>Kullan\u0131c\u0131lar aras\u0131ndaki i\u015flemlerin sonucundan memnuniyetsizlik veya sat\u0131n al\u0131nan hizmetlerin kullan\u0131lmamas\u0131 durumunda <b>herhangi bir geri \u00f6deme<\/b> yap\u0131lmayacakt\u0131r.<\/p>\n<\/li>\n<\/ul>\n<p> <\/p>\n<h4>6.5 Ters \u0130brazlar<\/h4>\n<p> <\/p>\n<ul>\n<li>\n<p>Kullan\u0131c\u0131lar, sorunu \u00e7\u00f6zmek i\u00e7in <b>\u00f6nce Marketplace28 ile ileti\u015fime ge\u00e7meden<\/b> \u00f6deme sa\u011flay\u0131c\u0131lar\u0131yla ters ibraz veya anla\u015fmazl\u0131k ba\u015flatmamay\u0131 kabul eder.<\/p>\n<\/li>\n<li>\n<p>Ters ibraz durumunda, Marketplace28, kullan\u0131c\u0131n\u0131n hesab\u0131n\u0131 ask\u0131ya alma veya feshetme ve ihtilafl\u0131 tutar\u0131n yan\u0131 s\u0131ra ilgili \u00fccretlerin geri al\u0131nmas\u0131n\u0131 talep etme hakk\u0131n\u0131 sakl\u0131 tutar.<\/p>\n<\/li>\n<li>\n<p>Uygun bir sebep olmadan yap\u0131lan ters ibrazlar yasal i\u015flemle sonu\u00e7lanabilir.<\/p>\n<\/li>\n<\/ul>\n<p> <\/p>\n<h4>6.6 Kullan\u0131c\u0131lar Aras\u0131ndaki \u00d6deme \u0130htilaflar\u0131<\/h4>\n<p> <\/p>\n<ul>\n<li>\n<p>Marketplace28, al\u0131c\u0131lar ve sat\u0131c\u0131lar aras\u0131ndaki i\u015flemlerde <b>taraf olarak hareket etmez<\/b> .<\/p>\n<\/li>\n<li>\n<p>Mallar, hizmetler veya listeler i\u00e7in yap\u0131lan \u00f6demelerle ilgili herhangi bir anla\u015fmazl\u0131k, <b>do\u011frudan ilgili kullan\u0131c\u0131lar aras\u0131nda \u00e7\u00f6z\u00fclmelidir<\/b>.<\/p>\n<\/li>\n<li>\n<p>Marketplace28, bir kullan\u0131c\u0131n\u0131n \u00fc\u00e7\u00fcnc\u00fc bir taraftan \u00f6deme alamamas\u0131 veya platform d\u0131\u015f\u0131ndaki bir i\u015fleme itiraz etmesi durumunda \u00dccretli Hizmetler i\u00e7in \u00f6denen \u00fccretlerin iadesinden sorumlu de\u011fildir.<\/p>\n<\/li>\n<\/ul>\n<p> <\/p>\n<h4>6.7 \u00d6deme Yap\u0131lmamas\u0131 Nedeniyle Ask\u0131ya Alma<\/h4>\n<p> <\/p>\n<p>Marketplace28, \u00f6demenin zaman\u0131nda yap\u0131lmamas\u0131 durumunda kullan\u0131c\u0131 hesaplar\u0131n\u0131 veya \u00dccretli Hizmetlere eri\u015fimi <b>ask\u0131ya alma veya sonland\u0131rma<\/b> hakk\u0131n\u0131 sakl\u0131 tutar.<\/p>\n<p> <\/p>\n<h4>6.8 \u00dccretlerdeki De\u011fi\u015fiklikler<\/h4>\n<p> <\/p>\n<p>Marketplace28, \u00dccretli Hizmetler i\u00e7in \u00fccretleri herhangi bir zamanda de\u011fi\u015ftirme hakk\u0131n\u0131 sakl\u0131 tutar. Mevcut abonelikler veya sat\u0131n almalar, aksi belirtilmedik\u00e7e etkilenmez. <\/p>\n<hr>\n<p> <\/p>\n<h2>7. \u0130htilaflar\u0131n \u00c7\u00f6z\u00fcm\u00fc<\/h2>\n<p> <\/p>\n<ul>\n<li>\n<p>Marketplace28 tarafs\u0131z bir platformdur ve al\u0131c\u0131lar ve sat\u0131c\u0131lar aras\u0131ndaki <b>anla\u015fmazl\u0131klarda arabuluculuk yapmaz<\/b> .<\/p>\n<\/li>\n<li>\n<p>Kullan\u0131c\u0131lar, anla\u015fmazl\u0131klar\u0131 dostane bir \u015fekilde \u00e7\u00f6zmeye te\u015fvik edilir.<\/p>\n<\/li>\n<li>\n<p>\u00c7\u00f6z\u00fclmemi\u015f anla\u015fmazl\u0131klar i\u00e7in kullan\u0131c\u0131lar, kendi yarg\u0131 alanlar\u0131ndaki uygun yasal kanallar arac\u0131l\u0131\u011f\u0131yla \u00e7\u00f6z\u00fcm arayabilirler.<\/p>\n<\/li>\n<li>\n<p>Gerekirse kolluk kuvvetleri veya adli makamlarla i\u015fbirli\u011fi yapabiliriz.<\/p>\n<\/li>\n<\/ul>\n<hr>\n<p> <\/p>\n<h2>8. Sorumlulu\u011fun Reddi ve S\u0131n\u0131rland\u0131r\u0131lmas\u0131<\/h2>\n<p> <\/p>\n<ul>\n<li>\n<p>Platform, herhangi bir garanti olmaks\u0131z\u0131n <b>&#8220;oldu\u011fu gibi&#8221;<\/b> sa\u011flanmaktad\u0131r.<\/p>\n<\/li>\n<li>\n<p>Marketplace28, Platformun veya i\u015flemlerin kullan\u0131m\u0131ndan kaynaklanan herhangi bir zarar, kay\u0131p veya talep i\u00e7in <b>sorumluluk kabul etmez<\/b> .<\/p>\n<\/li>\n<li>\n<p>Kullan\u0131c\u0131lar, <b>gerekli \u00f6zeni<\/b> g\u00f6stermekten ve di\u011fer taraflar\u0131n me\u015fruiyetini do\u011frulamaktan sorumludur.<\/p>\n<\/li>\n<\/ul>\n<hr>\n<p> <\/p>\n<h2>9. Fikri M\u00fclkiyet<\/h2>\n<p> <\/p>\n<p>Platformdaki t\u00fcm i\u00e7erik <b>Marketplace28&#8217;e aittir veya lisansl\u0131d\u0131r<\/b>. \u0130zinsiz kullan\u0131m\u0131 yasakt\u0131r. <\/p>\n<hr>\n<p> <\/p>\n<h2>10. Fesih<\/h2>\n<p> <\/p>\n<p>Marketplace28, kendi takdirine ba\u011fl\u0131 olarak bildirimde bulunmaks\u0131z\u0131n kullan\u0131c\u0131 eri\u015fimini <b>ask\u0131ya alabilir veya sonland\u0131rabilir<\/b> .<\/p>\n<hr>\n<p> <\/p>\n<h2>11. Ge\u00e7erli Kanun ve Yarg\u0131 Yetkisi<\/h2>\n<p> <\/p>\n<p>Bu Ko\u015fullar, <b>\u0130ngiltere ve Galler<\/b> yasalar\u0131na ve\/veya kullan\u0131c\u0131lar\u0131n bulundu\u011fu yerdeki ilgili yerel yasalara tabidir.<\/p>\n<hr>\n<p> <\/p>\n<h2>12. \u0130leti\u015fim Bilgileri<\/h2>\n<p> <\/p>\n<p>Sorular\u0131n\u0131z, destek veya yasal bildirimler i\u00e7in:<\/p>\n<ul>\n<li>\n<p><b>E-posta:<\/b> support@marketplace28.store<\/p>\n<\/li>\n<li>\n<p><b>Telefon:<\/b> +44 7782745559<\/p>\n<\/li>\n<li>\n<p><b>Adres:<\/b> Marketplace28 Ltd, \u0130ngiltere.<\/p>\n<\/li>\n<\/ul>\n<hr>\n<p> <\/p>\n<h1>Marketplace28 Gizlilik Politikas\u0131<\/h1>\n<p> <\/p>\n<p><i>Son g\u00fcncelleme: 28 Temmuz 2025.<\/i><\/p>\n<p><b>Marketplace28&#8217;e<\/b> ho\u015f geldiniz. Gizlili\u011finiz bizim i\u00e7in \u00f6nemlidir. Bu Gizlilik Politikas\u0131, platformumuzu kulland\u0131\u011f\u0131n\u0131zda ki\u015fisel bilgilerinizi nas\u0131l toplad\u0131\u011f\u0131m\u0131z\u0131, kulland\u0131\u011f\u0131m\u0131z\u0131, if\u015fa etti\u011fimizi ve korudu\u011fumuzu a\u00e7\u0131klar.  <\/p>\n<p><b>Marketplace28&#8217;e<\/b> eri\u015ferek veya kullanarak, bu Gizlilik Politikas\u0131nda a\u00e7\u0131klanan uygulamalar\u0131 kabul etmi\u015f olursunuz.<\/p>\n<hr>\n<p> <\/p>\n<h2>1. Toplad\u0131\u011f\u0131m\u0131z Bilgiler<\/h2>\n<p> <\/p>\n<p> <\/p>\n<h3>a. Sa\u011flad\u0131\u011f\u0131n\u0131z Bilgiler <\/h3>\n<p> <\/p>\n<ul>\n<li>\n<p><b>Kaydoldu\u011funuzda<\/b> veya hizmetlerimizi kullan\u0131rken ad\u0131n\u0131z, e-posta adresiniz, telefon numaran\u0131z ve \u00f6deme bilgileriniz gibi ki\u015fisel bilgiler.<\/p>\n<\/li>\n<li>\n<p>A\u00e7\u0131klamalar, resimler ve ileti\u015fim bilgileri gibi <b>listelerinizde<\/b> yer alan bilgiler.<\/p>\n<\/li>\n<li>\n<p><b>M\u00fc\u015fteri destek talepleri<\/b> de dahil olmak \u00fczere bize g\u00f6nderdi\u011finiz ileti\u015fimler.<\/p>\n<\/li>\n<\/ul>\n<p> <\/p>\n<h3>b. Otomatik Olarak Toplad\u0131\u011f\u0131m\u0131z Bilgiler <\/h3>\n<p> <\/p>\n<ul>\n<li>\n<p><b>Cihaz bilgileri<\/b> (IP adresi, taray\u0131c\u0131 t\u00fcr\u00fc, i\u015fletim sistemi).<\/p>\n<\/li>\n<li>\n<p><b>Marketplace28&#8217;de<\/b> ziyaret edilen sayfalar, harcanan s\u00fcre, t\u0131klamalar ve G\u00f6z atma davran\u0131\u015f\u0131 gibi <b>kullan\u0131m verileri.<\/b><\/p>\n<\/li>\n<li>\n<p>Kullan\u0131c\u0131 deneyimini geli\u015ftirmek i\u00e7in <b>\u00e7erezler ve benzer izleme teknolojileri<\/b>.<\/p>\n<\/li>\n<\/ul>\n<hr>\n<p> <\/p>\n<h2>2. Bilgilerinizi Nas\u0131l Kullan\u0131yoruz<\/h2>\n<p> <\/p>\n<p>Bilgilerinizi \u015fu ama\u00e7larla kullan\u0131r\u0131z:<\/p>\n<ul>\n<li>\n<p><b>Marketplace28 hizmetlerini<\/b> sa\u011flay\u0131n, \u00e7al\u0131\u015ft\u0131r\u0131n ve iyile\u015ftirin.<\/p>\n<\/li>\n<li>\n<p><b>\u0130\u015flemleri<\/b> i\u015fleyin ve kullan\u0131c\u0131 hesaplar\u0131n\u0131 y\u00f6netin.<\/p>\n<\/li>\n<li>\n<p>Sorulara yan\u0131t vermek ve \u00f6nemli g\u00fcncellemeler g\u00f6ndermek de dahil olmak \u00fczere <b>sizinle ileti\u015fim kurmak<\/b>.<\/p>\n<\/li>\n<li>\n<p><b>Platformdaki deneyiminizi ki\u015fiselle\u015ftirin<\/b> .<\/p>\n<\/li>\n<li>\n<p>Doland\u0131r\u0131c\u0131l\u0131\u011f\u0131 \u00f6nlemek, H\u00fck\u00fcm ve Ko\u015fullar\u0131m\u0131z\u0131 uygulamak ve <b>g\u00fcvenli\u011fi sa\u011flamak<\/b>.<\/p>\n<\/li>\n<li>\n<p><b>Yasal y\u00fck\u00fcml\u00fcl\u00fcklere uymak<\/b>.<\/p>\n<\/li>\n<\/ul>\n<hr>\n<p> <\/p>\n<h2>3. Bilgilerinizin Payla\u015f\u0131lmas\u0131<\/h2>\n<p> <\/p>\n<p><b>Ki\u015fisel verilerinizi satm\u0131yoruz<\/b>. Ancak, bilgilerinizi a\u015fa\u011f\u0131daki durumlarda payla\u015fabiliriz: <\/p>\n<ul>\n<li>\n<p>Platformun i\u015fletilmesine yard\u0131mc\u0131 olan <b>hizmet sa\u011flay\u0131c\u0131lar ve ortaklarla<\/b> (\u00f6r. \u00f6deme i\u015flemcileri, bar\u0131nd\u0131rma sa\u011flay\u0131c\u0131lar\u0131).<\/p>\n<\/li>\n<li>\n<p>Yasalar, yasal s\u00fcre\u00e7ler veya resmi talepler <b>gerektirdi\u011finde<\/b>.<\/p>\n<\/li>\n<li>\n<p><b>Marketplace28&#8217;in<\/b>, kullan\u0131c\u0131lar\u0131m\u0131z\u0131n <b>veya ba\u015fkalar\u0131n\u0131n haklar\u0131n\u0131, m\u00fclkiyetini veya g\u00fcvenli\u011fini<\/b> korumak i\u00e7in.<\/p>\n<\/li>\n<li>\n<p><b>Birle\u015fmeler, devralmalar veya varl\u0131klar\u0131n sat\u0131\u015f\u0131<\/b> ile ba\u011flant\u0131l\u0131 olarak.<\/p>\n<\/li>\n<\/ul>\n<hr>\n<p> <\/p>\n<h2>4. Se\u00e7imleriniz ve Haklar\u0131n\u0131z<\/h2>\n<p> <\/p>\n<ul>\n<li>\n<p>Hesap ayarlar\u0131n\u0131z arac\u0131l\u0131\u011f\u0131yla ki\u015fisel bilgilerinize <b>eri\u015febilir, g\u00fcncelleyebilir veya d\u00fczeltebilirsiniz<\/b> .<\/p>\n<\/li>\n<li>\n<p>E-postalardaki abonelikten \u00e7\u0131kma talimatlar\u0131n\u0131 izleyerek <b>pazarlama ileti\u015fimlerinden \u00e7\u0131kabilirsiniz<\/b> .<\/p>\n<\/li>\n<li>\n<p><b>\u00c7erezleri<\/b> taray\u0131c\u0131 ayarlar\u0131n\u0131z arac\u0131l\u0131\u011f\u0131yla kontrol edebilirsiniz (bunun i\u015flevselli\u011fi etkileyebilece\u011fini unutmay\u0131n).<\/p>\n<\/li>\n<li>\n<p>Yetki alan\u0131n\u0131za ba\u011fl\u0131 olarak, verilerinize eri\u015fme, bunlar\u0131 silme veya verilerinizin i\u015flenmesini k\u0131s\u0131tlama haklar\u0131n\u0131z olabilir. Daha fazla bilgi i\u00e7in l\u00fctfen bizimle ileti\u015fime ge\u00e7in. <\/p>\n<\/li>\n<\/ul>\n<hr>\n<p> <\/p>\n<h2>5. Veri G\u00fcvenli\u011fi<\/h2>\n<p> <\/p>\n<p>Verilerinizi yetkisiz eri\u015fime, if\u015faya veya imhaya kar\u015f\u0131 korumak i\u00e7in <b>makul teknik ve organizasyonel \u00f6nlemler<\/b> uyguluyoruz. Ancak, hi\u00e7bir internet iletimi veya depolama sistemi %100 g\u00fcvenli garanti edilemez. <\/p>\n<hr>\n<p> <\/p>\n<h2>6. Verilerin Saklanmas\u0131<\/h2>\n<p> <\/p>\n<p>Ki\u015fisel bilgilerinizi hizmet sa\u011flamak, yasal y\u00fck\u00fcml\u00fcl\u00fcklere uymak, anla\u015fmazl\u0131klar\u0131 \u00e7\u00f6zmek ve s\u00f6zle\u015fmeleri uygulamak i\u00e7in gerekli oldu\u011fu s\u00fcrece saklar\u0131z.<\/p>\n<hr>\n<p> <\/p>\n<h2>7. Uluslararas\u0131 Veri Aktar\u0131mlar\u0131<\/h2>\n<p> <\/p>\n<p><b>Marketplace28<\/b> uluslararas\u0131 faaliyet g\u00f6stermektedir. Verileriniz ikamet etti\u011finiz \u00fclke d\u0131\u015f\u0131ndaki \u00fclkelere aktar\u0131labilir, bu \u00fclkelerde saklanabilir ve i\u015flenebilir. Uygun g\u00fcvenlik \u00f6nlemleriyle yeterli korumay\u0131 sa\u011fl\u0131yoruz.  <\/p>\n<hr>\n<p> <\/p>\n<h2>8. \u00c7ocuklar\u0131n Gizlili\u011fi<\/h2>\n<p> <\/p>\n<p><b>Marketplace28<\/b> , <b>18 ya\u015f\u0131n<\/b> alt\u0131ndaki bireylerden bilerek ki\u015fisel veri toplamaz. Re\u015fit olmayan bir ki\u015fiden yanl\u0131\u015fl\u0131kla veri toplad\u0131\u011f\u0131m\u0131z\u0131 d\u00fc\u015f\u00fcn\u00fcyorsan\u0131z, l\u00fctfen hemen bizimle ileti\u015fime ge\u00e7in. <\/p>\n<hr>\n<p> <\/p>\n<h2>9. Bu Gizlilik Politikas\u0131ndaki De\u011fi\u015fiklikler<\/h2>\n<p> <\/p>\n<p>Bu Politikay\u0131 periyodik olarak g\u00fcncelleyebiliriz. Yeni Politikay\u0131 g\u00fcncellenmi\u015f bir y\u00fcr\u00fcrl\u00fck tarihi ile <b>Marketplace28&#8217;de<\/b> yay\u0131nlayarak \u00f6nemli de\u011fi\u015fiklikleri size bildirece\u011fiz. <\/p>\n<hr>\n<p> <\/p>\n<h2>10. Bize Ula\u015f\u0131n<\/h2>\n<p> <\/p>\n<p>Gizlili\u011finiz veya bu Politika ile ilgili herhangi bir soru, endi\u015fe veya istek i\u00e7in l\u00fctfen ileti\u015fime ge\u00e7in:<\/p>\n<p>Pazar Yeri28<\/p>\n<ul>\n<li>\n<p><b>E-posta:<\/b> support@marketplace28.store<\/p>\n<\/li>\n<li>\n<p><b>Telefon:<\/b> +44 7782745559<\/p>\n<\/li>\n<\/ul>\n<hr>\n<p><b>Marketplace28&#8217;i<\/b> kullanarak, bu Gizlilik Politikas\u0131n\u0131 okudu\u011funuzu ve anlad\u0131\u011f\u0131n\u0131z\u0131 kabul etmi\u015f olursunuz.<\/p>\n<\/div>\n\t\t\t\t\t\t\t\t<\/div>\n\t\t\t\t\t<\/div>\n\t\t\t\t<\/div>\n\t\t\t\t<\/div>\n\t\t","protected":false},"excerpt":{"rendered":"<p>Marketplace28 Kullan\u0131m Ko\u015fullar\u0131 Son g\u00fcncelleme: 28 Temmuz 2025 1. \u015eartlar\u0131n Kabul\u00fc Marketplace28&#8217;e (&#8220;Platform&#8221;) eri\u015ferek veya bunlar\u0131 kullanarak, bu Kullan\u0131m Ko\u015fullar\u0131na ve Gizlilik Politikam\u0131za ba\u011fl\u0131 kalmay\u0131 kabul edersiniz. 2. Uygunluk Kullan\u0131c\u0131lar en az 18 ya\u015f\u0131nda olmal\u0131 veya kendi yetki alanlar\u0131ndaki re\u015fit olma ya\u015f\u0131na ula\u015fm\u0131\u015f olmal\u0131d\u0131r. 3. Kullan\u0131c\u0131 Hesaplar\u0131 Hesap bilgilerinizin ve hesab\u0131n\u0131z arac\u0131l\u0131\u011f\u0131yla ger\u00e7ekle\u015ftirilen t\u00fcm faaliyetlerin<\/p>\n","protected":false},"author":1,"featured_media":0,"parent":0,"menu_order":0,"comment_status":"closed","ping_status":"closed","template":"","meta":{"_rtcl_gb_attr":"","footnotes":""},"class_list":["post-7911","page","type-page","status-publish","hentry"],"_links":{"self":[{"href":"https:\/\/marketplace28.store\/tr\/wp-json\/wp\/v2\/pages\/7911","targetHints":{"allow":["GET"]}}],"collection":[{"href":"https:\/\/marketplace28.store\/tr\/wp-json\/wp\/v2\/pages"}],"about":[{"href":"https:\/\/marketplace28.store\/tr\/wp-json\/wp\/v2\/types\/page"}],"author":[{"embeddable":true,"href":"https:\/\/marketplace28.store\/tr\/wp-json\/wp\/v2\/users\/1"}],"replies":[{"embeddable":true,"href":"https:\/\/marketplace28.store\/tr\/wp-json\/wp\/v2\/comments?post=7911"}],"version-history":[{"count":5,"href":"https:\/\/marketplace28.store\/tr\/wp-json\/wp\/v2\/pages\/7911\/revisions"}],"predecessor-version":[{"id":7923,"href":"https:\/\/marketplace28.store\/tr\/wp-json\/wp\/v2\/pages\/7911\/revisions\/7923"}],"wp:attachment":[{"href":"https:\/\/marketplace28.store\/tr\/wp-json\/wp\/v2\/media?parent=7911"}],"curies":[{"name":"wp","href":"https:\/\/api.w.org\/{rel}","templated":true}]}}